{"id":8,"date":"2019-01-25T18:33:51","date_gmt":"2019-01-25T17:33:51","guid":{"rendered":"http:\/\/www.dht.tyflonet.com\/?page_id=8"},"modified":"2022-08-25T02:21:14","modified_gmt":"2022-08-25T00:21:14","slug":"ramowka","status":"publish","type":"page","link":"https:\/\/radiodht.com\/en\/ramowka\/","title":{"rendered":"Schedule"},"content":{"rendered":"<p>Prezentujemy plan ramowy audycji g\u0142\u00f3wnego kana\u0142u Radia DHT. Po opisy poszczeg\u00f3lnych audycji zapraszamy nieco ni\u017cej.<\/p>\n<h2>poniedzia\u0142ek<\/h2>\n<ul>\n<li>00:00 &#8211; 06:00 Przeboje trzech pokole\u0144 noc\u0105<\/li>\n<li>06:00 &#8211; 11:00 &#8211; Przeboje trzech pokole\u0144 na dzie\u0144 dobry<\/li>\n<li>11:00 &#8211; 20:00 &#8211; Przebojowy dzie\u0144<\/li>\n<li>20:00 &#8211; 21:00 &#8211; 8 po \u00f3smej<\/li>\n<li>21:00 &#8211; 22:00 &#8211; 9 po dziewi\u0105tej<\/li>\n<li>22:00 &#8211; 23:00 &#8211; Polska godzina<\/li>\n<li>23:00 &#8211; 00:00 &#8211; Przeboje trzech pokole\u0144 na koniec dnia<\/li>\n<\/ul>\n<h2>Wtorek<\/h2>\n<ul>\n<li>00:00 &#8211; 06:00 Przeboje trzech pokole\u0144 noc\u0105<\/li>\n<li>06:00 &#8211; 11:00 &#8211; Przeboje trzech pokole\u0144 na dzie\u0144 dobry<\/li>\n<li>11:00 &#8211; 20:00 &#8211; Przebojowy dzie\u0144<\/li>\n<li>20:00 &#8211; 00:00 &#8211; The Big Rock Show<\/li>\n<\/ul>\n<h2>\u015aroda<\/h2>\n<ul>\n<li>00:00 &#8211; 06:00 Przeboje trzech pokole\u0144 noc\u0105<\/li>\n<li>06:00 &#8211; 11:00 &#8211; Przeboje trzech pokole\u0144 na dzie\u0144 dobry<\/li>\n<li>11:00 &#8211; 20:00 &#8211; Przebojowy dzie\u0144<\/li>\n<li>20:00 &#8211; 21:00 &#8211; 8 po \u00f3smej<\/li>\n<li>21:00 &#8211; 22:00 &#8211; 9 po dziewi\u0105tej<\/li>\n<li>22:00 &#8211; 23:00 &#8211; Polska godzina<\/li>\n<li>23:00 &#8211; 00:00 &#8211; Przeboje trzech pokole\u0144 na koniec dnia<\/li>\n<\/ul>\n<h2>Czwartek<\/h2>\n<ul>\n<li>00:00 &#8211; 06:00 Przeboje trzech pokole\u0144 noc\u0105<\/li>\n<li>06:00 &#8211; 11:00 &#8211; Przeboje trzech pokole\u0144 na dzie\u0144 dobry<\/li>\n<li>11:00 &#8211; 20:00 &#8211; Przebojowy dzie\u0144<\/li>\n<li>20:00 &#8211; 21:00 &#8211; 8 po \u00f3smej<\/li>\n<li>21:00 &#8211; 22:00 &#8211; 9 po dziewi\u0105tej<\/li>\n<li>22:00 &#8211; 23:00 &#8211; Polska godzina<\/li>\n<li>23:00 &#8211; 00:00 &#8211; Przeboje trzech pokole\u0144 na koniec dnia<\/li>\n<\/ul>\n<h2>Pi\u0105tek<\/h2>\n<ul>\n<li>00:00 &#8211; 06:00 Przeboje trzech pokole\u0144 noc\u0105<\/li>\n<li>06:00 &#8211; 11:00 &#8211; Przeboje trzech pokole\u0144 na dzie\u0144 dobry<\/li>\n<li>11:00 &#8211; 23:00 &#8211; Przebojowy dzie\u0144<\/li>\n<li>23:00 &#8211; 00:00 &#8211; Przeboje trzech pokole\u0144 na koniec dnia<\/li>\n<\/ul>\n<h2>Sobota<\/h2>\n<ul>\n<li>00:00 &#8211; 06:00 Przeboje trzech pokole\u0144 noc\u0105<\/li>\n<li>06:00 &#8211; 07:00 &#8211; Przeboje trzech pokole\u0144 na dzie\u0144 dobry<\/li>\n<li>07:00 &#8211; 08:00 Glen Hauser&#8217;s World Of Radio<\/li>\n<li>08:00 &#8211; 11:00 &#8211; Przeboje trzech pokole\u0144 na dzie\u0144 dobry<\/li>\n<li>11:00 &#8211; 13:00 &#8211; Przebojowy dzie\u0144<\/li>\n<li>13:00 &#8211; 14:00 &#8211; Bankomat, audycja Zwi\u0105zku Bank\u00f3w Polskich<\/li>\n<li>14:00 &#8211; 16:00 &#8211; Przebojowy dzie\u0144<\/li>\n<li>16:00 &#8211; 18:00 &#8211; RTV<\/li>\n<li>18:00 &#8211; 23:00 &#8211; Przeboje Trzech Pokole\u0144<\/li>\n<li>23:00 &#8211; 00:00 &#8211; Przeboje trzech pokole\u0144 na koniec dnia<\/li>\n<\/ul>\n<h2>Niedziela<\/h2>\n<li>00:00 &#8211; 06:00 Przeboje trzech pokole\u0144 noc\u0105<\/li>\n<li>06:00 &#8211; 10:00 &#8211; Przeboje trzech pokole\u0144 na dzie\u0144 dobry<\/li>\n<li>10:00 &#8211; 11:00 &#8211; Przeboje trzech pokole\u0144 na dzie\u0144 dobry<\/li>\n<li>11:00 &#8211; 13:00 &#8211; Przebojowy dzie\u0144<\/li>\n<li>13:00 &#8211; 14:00 &#8211; Bankomat, audycja Zwi\u0105zku Bank\u00f3w Polskich<\/li>\n<li>14:00 &#8211; 17:00 &#8211; THAT THING with Rich Appel<\/li>\n<li>17:00 &#8211; 21:00 &#8211; Przebojowy dzie\u0144<\/li>\n<li>21:00 &#8211; 00:00 &#8211; Przeboje trzech pokole\u0144 na koniec dnia<\/li>\n<h3>RTV<\/h3>\n<p>Milena Wi\u015bniewska, Micha\u0142 Dziwisz<\/p>\n<p>Co jest w telewizji Grane? O czym Radia Szumi\u0105 fale? Je\u015bli wiedzie\u0107 b\u0119dziesz chcia\u0142, w\u0142\u0105cz po prostu RTV! O istotnych wydarzeniach zwi\u0105zanych z radiem i telewizj\u0105 co tydzie\u0144 przez dwie godziny us\u0142yszysz na antenie Radia DHT. Audycja przygotowywana wsp\u00f3lnie z Tyflopodcastem, pierwszym polskim podcastem dla niewidomych i niedowidz\u0105cych<\/p>","protected":false},"excerpt":{"rendered":"<p>Prezentujemy plan ramowy audycji g\u0142\u00f3wnego kana\u0142u Radia DHT. Po opisy poszczeg\u00f3lnych audycji zapraszamy nieco ni\u017cej. poniedzia\u0142ek 00:00 &#8211; 06:00 Przeboje trzech pokole\u0144 noc\u0105 06:00 &#8211; 11:00 &#8211; Przeboje trzech pokole\u0144 na dzie\u0144 dobry 11:00 &#8211; 20:00 &#8211; Przebojowy dzie\u0144 20:00 &#8211; 21:00 &#8211; 8 po \u00f3smej 21:00 &#8211; 22:00 &#8211; 9 po dziewi\u0105tej 22:00 &#8211; &hellip; <\/p>\n<p class=\"link-more\"><a href=\"https:\/\/radiodht.com\/en\/ramowka\/\" class=\"more-link\">Continue reading<span class=\"screen-reader-text\"> &#8222;Ram\u00f3wka&#8221;<\/span><\/a><\/p>","protected":false},"author":1,"featured_media":0,"parent":0,"menu_order":0,"comment_status":"closed","ping_status":"closed","template":"","meta":{"footnotes":""},"class_list":["post-8","page","type-page","status-publish","hentry"],"yoast_head":"<!-- This site is optimized with the Yoast SEO plugin v27.3 - https:\/\/yoast.com\/product\/yoast-seo-wordpress\/ -->\n<title>Ram\u00f3wka - Radio DHT<\/title>\n<meta name=\"robots\" content=\"index, follow, max-snippet:-1, max-image-preview:large, max-video-preview:-1\" \/>\n<link rel=\"canonical\" href=\"https:\/\/radiodht.com\/en\/ramowka\/\" \/>\n<meta property=\"og:locale\" content=\"en_US\" \/>\n<meta property=\"og:type\" content=\"article\" \/>\n<meta property=\"og:title\" content=\"Ram\u00f3wka - Radio DHT\" \/>\n<meta property=\"og:description\" content=\"Prezentujemy plan ramowy audycji g\u0142\u00f3wnego kana\u0142u Radia DHT. Po opisy poszczeg\u00f3lnych audycji zapraszamy nieco ni\u017cej. poniedzia\u0142ek 00:00 &#8211; 06:00 Przeboje trzech pokole\u0144 noc\u0105 06:00 &#8211; 11:00 &#8211; Przeboje trzech pokole\u0144 na dzie\u0144 dobry 11:00 &#8211; 20:00 &#8211; Przebojowy dzie\u0144 20:00 &#8211; 21:00 &#8211; 8 po \u00f3smej 21:00 &#8211; 22:00 &#8211; 9 po dziewi\u0105tej 22:00 &#8211; &hellip; Continue reading &quot;Ram\u00f3wka&quot;\" \/>\n<meta property=\"og:url\" content=\"https:\/\/radiodht.com\/en\/ramowka\/\" \/>\n<meta property=\"og:site_name\" content=\"Radio DHT\" \/>\n<meta property=\"article:publisher\" content=\"https:\/\/facebook.com\/radiodht\" \/>\n<meta property=\"article:modified_time\" content=\"2022-08-25T00:21:14+00:00\" \/>\n<meta name=\"twitter:card\" content=\"summary_large_image\" \/>\n<meta name=\"twitter:site\" content=\"@radiodht\" \/>\n<meta name=\"twitter:label1\" content=\"Est. reading time\" \/>\n\t<meta name=\"twitter:data1\" content=\"3 minutes\" \/>\n<script type=\"application\/ld+json\" class=\"yoast-schema-graph\">{\"@context\":\"https:\\\/\\\/schema.org\",\"@graph\":[{\"@type\":\"WebPage\",\"@id\":\"https:\\\/\\\/radiodht.com\\\/ramowka\\\/\",\"url\":\"https:\\\/\\\/radiodht.com\\\/ramowka\\\/\",\"name\":\"Ram\u00f3wka - Radio DHT\",\"isPartOf\":{\"@id\":\"https:\\\/\\\/radiodht.com\\\/#website\"},\"datePublished\":\"2019-01-25T17:33:51+00:00\",\"dateModified\":\"2022-08-25T00:21:14+00:00\",\"breadcrumb\":{\"@id\":\"https:\\\/\\\/radiodht.com\\\/ramowka\\\/#breadcrumb\"},\"inLanguage\":\"en-US\",\"potentialAction\":[{\"@type\":\"ReadAction\",\"target\":[\"https:\\\/\\\/radiodht.com\\\/ramowka\\\/\"]}]},{\"@type\":\"BreadcrumbList\",\"@id\":\"https:\\\/\\\/radiodht.com\\\/ramowka\\\/#breadcrumb\",\"itemListElement\":[{\"@type\":\"ListItem\",\"position\":1,\"name\":\"Strona g\u0142\u00f3wna\",\"item\":\"https:\\\/\\\/radiodht.com\\\/\"},{\"@type\":\"ListItem\",\"position\":2,\"name\":\"Ram\u00f3wka\"}]},{\"@type\":\"WebSite\",\"@id\":\"https:\\\/\\\/radiodht.com\\\/#website\",\"url\":\"https:\\\/\\\/radiodht.com\\\/\",\"name\":\"Radio DHT\",\"description\":\"Dynamicznie, Humorystycznie, Tw\u00f3rczo!\",\"potentialAction\":[{\"@type\":\"SearchAction\",\"target\":{\"@type\":\"EntryPoint\",\"urlTemplate\":\"https:\\\/\\\/radiodht.com\\\/?s={search_term_string}\"},\"query-input\":{\"@type\":\"PropertyValueSpecification\",\"valueRequired\":true,\"valueName\":\"search_term_string\"}}],\"inLanguage\":\"en-US\"}]}<\/script>\n<!-- \/ Yoast SEO plugin. -->","yoast_head_json":{"title":"Ram\u00f3wka - Radio DHT","robots":{"index":"index","follow":"follow","max-snippet":"max-snippet:-1","max-image-preview":"max-image-preview:large","max-video-preview":"max-video-preview:-1"},"canonical":"https:\/\/radiodht.com\/en\/ramowka\/","og_locale":"en_US","og_type":"article","og_title":"Ram\u00f3wka - Radio DHT","og_description":"Prezentujemy plan ramowy audycji g\u0142\u00f3wnego kana\u0142u Radia DHT. Po opisy poszczeg\u00f3lnych audycji zapraszamy nieco ni\u017cej. poniedzia\u0142ek 00:00 &#8211; 06:00 Przeboje trzech pokole\u0144 noc\u0105 06:00 &#8211; 11:00 &#8211; Przeboje trzech pokole\u0144 na dzie\u0144 dobry 11:00 &#8211; 20:00 &#8211; Przebojowy dzie\u0144 20:00 &#8211; 21:00 &#8211; 8 po \u00f3smej 21:00 &#8211; 22:00 &#8211; 9 po dziewi\u0105tej 22:00 &#8211; &hellip; Continue reading \"Ram\u00f3wka\"","og_url":"https:\/\/radiodht.com\/en\/ramowka\/","og_site_name":"Radio DHT","article_publisher":"https:\/\/facebook.com\/radiodht","article_modified_time":"2022-08-25T00:21:14+00:00","twitter_card":"summary_large_image","twitter_site":"@radiodht","twitter_misc":{"Est. reading time":"3 minutes"},"schema":{"@context":"https:\/\/schema.org","@graph":[{"@type":"WebPage","@id":"https:\/\/radiodht.com\/ramowka\/","url":"https:\/\/radiodht.com\/ramowka\/","name":"Ram\u00f3wka - Radio DHT","isPartOf":{"@id":"https:\/\/radiodht.com\/#website"},"datePublished":"2019-01-25T17:33:51+00:00","dateModified":"2022-08-25T00:21:14+00:00","breadcrumb":{"@id":"https:\/\/radiodht.com\/ramowka\/#breadcrumb"},"inLanguage":"en-US","potentialAction":[{"@type":"ReadAction","target":["https:\/\/radiodht.com\/ramowka\/"]}]},{"@type":"BreadcrumbList","@id":"https:\/\/radiodht.com\/ramowka\/#breadcrumb","itemListElement":[{"@type":"ListItem","position":1,"name":"Strona g\u0142\u00f3wna","item":"https:\/\/radiodht.com\/"},{"@type":"ListItem","position":2,"name":"Ram\u00f3wka"}]},{"@type":"WebSite","@id":"https:\/\/radiodht.com\/#website","url":"https:\/\/radiodht.com\/","name":"Radio DHT","description":"Dynamicznie, Humorystycznie, Tw\u00f3rczo!","potentialAction":[{"@type":"SearchAction","target":{"@type":"EntryPoint","urlTemplate":"https:\/\/radiodht.com\/?s={search_term_string}"},"query-input":{"@type":"PropertyValueSpecification","valueRequired":true,"valueName":"search_term_string"}}],"inLanguage":"en-US"}]}},"_links":{"self":[{"href":"https:\/\/radiodht.com\/en\/wp-json\/wp\/v2\/pages\/8","targetHints":{"allow":["GET"]}}],"collection":[{"href":"https:\/\/radiodht.com\/en\/wp-json\/wp\/v2\/pages"}],"about":[{"href":"https:\/\/radiodht.com\/en\/wp-json\/wp\/v2\/types\/page"}],"author":[{"embeddable":true,"href":"https:\/\/radiodht.com\/en\/wp-json\/wp\/v2\/users\/1"}],"replies":[{"embeddable":true,"href":"https:\/\/radiodht.com\/en\/wp-json\/wp\/v2\/comments?post=8"}],"version-history":[{"count":22,"href":"https:\/\/radiodht.com\/en\/wp-json\/wp\/v2\/pages\/8\/revisions"}],"predecessor-version":[{"id":349,"href":"https:\/\/radiodht.com\/en\/wp-json\/wp\/v2\/pages\/8\/revisions\/349"}],"wp:attachment":[{"href":"https:\/\/radiodht.com\/en\/wp-json\/wp\/v2\/media?parent=8"}],"curies":[{"name":"wp","href":"https:\/\/api.w.org\/{rel}","templated":true}]}}