{"id":76,"date":"2019-01-27T19:52:24","date_gmt":"2019-01-27T18:52:24","guid":{"rendered":"http:\/\/www.dht.tyflonet.com\/?page_id=76"},"modified":"2026-01-26T03:04:24","modified_gmt":"2026-01-26T02:04:24","slug":"wlacz-radio-dht","status":"publish","type":"page","link":"https:\/\/radiodht.com\/en\/","title":{"rendered":"Turn on Radio DHT"},"content":{"rendered":"<p>Witaj i rozgo\u015b\u0107 si\u0119!<br \/>\nMamy dla Ciebie a\u017c 3 kana\u0142y:<\/p>\n<h2> kana\u0142 g\u0142\u00f3wny, przeboje trzech pokole\u0144<\/h2>\n<p>Tu us\u0142yszysz znane utwory rozpoznawalnych gwiazd, ale i zupe\u0142nie zapomniane piosenki, wszystko wzbogacone interesuj\u0105cymi audycjami autorskimi.<\/p>\n<h2>Kana\u0142 drugi, czyli wieczna impreza!<\/h2>\n<p>Bez wzgl\u0119du na por\u0119 dnia, je\u015bli lubisz muzyk\u0119 taneczn\u0105, znajdziesz tu co\u015b dla siebie. Klikaj, s\u0142uchaj, baw si\u0119!<\/p>\n<h2> kana\u0142 Pepis, znamy na imprez\u0119 przepis!<\/h2>\n<p>Pepis jest wiecznie m\u0142ody, jak muzyka kt\u00f3r\u0105 gramy! Miks tego co najlepsze i nieco zapomniane od lat 50-tych do teraz, nie zawsze w oczywistych j\u0119zykach.<\/p>\n<h3> what's happenning?<\/h3>\n<p>Ju\u017c nie 2, a 3 kana\u0142y w ofercie Radia DHT. Opr\u00f3cz dobrze znanych Wam kana\u0142u g\u0142\u00f3wnego i drugiego, do naszej oferty do\u0142\u0105cza Pepis. To interesuj\u0105cy miks zar\u00f3wno starszych, jak i nowszych brzmie\u0144, a wyr\u00f3\u017cniaj\u0105c\u0105 go cech\u0105 jest z pewno\u015bci\u0105 mnogo\u015b\u0107 j\u0119zyk\u00f3w, w jakich piosenki us\u0142yszycie na jego antenie. Zapraszamy do s\u0142uchania, bo jest w czym wybiera\u0107!<\/p>","protected":false},"excerpt":{"rendered":"<p>Witaj i rozgo\u015b\u0107 si\u0119! Mamy dla Ciebie a\u017c 3 kana\u0142y: kana\u0142 g\u0142\u00f3wny, przeboje trzech pokole\u0144 Tu us\u0142yszysz znane utwory rozpoznawalnych gwiazd, ale i zupe\u0142nie zapomniane piosenki, wszystko wzbogacone interesuj\u0105cymi audycjami autorskimi. Kana\u0142 drugi, czyli wieczna impreza! Bez wzgl\u0119du na por\u0119 dnia, je\u015bli lubisz muzyk\u0119 taneczn\u0105, znajdziesz tu co\u015b dla siebie. Klikaj, s\u0142uchaj, baw si\u0119! kana\u0142 &hellip; <\/p>\n<p class=\"link-more\"><a href=\"https:\/\/radiodht.com\/en\/\" class=\"more-link\">Continue reading<span class=\"screen-reader-text\"> &#8222;W\u0142\u0105cz radio DHT&#8221;<\/span><\/a><\/p>","protected":false},"author":1,"featured_media":0,"parent":0,"menu_order":0,"comment_status":"closed","ping_status":"closed","template":"","meta":{"footnotes":""},"class_list":["post-76","page","type-page","status-publish","hentry"],"yoast_head":"<!-- This site is optimized with the Yoast SEO plugin v27.3 - https:\/\/yoast.com\/product\/yoast-seo-wordpress\/ -->\n<title>W\u0142\u0105cz radio DHT - Radio DHT<\/title>\n<meta name=\"robots\" content=\"index, follow, max-snippet:-1, max-image-preview:large, max-video-preview:-1\" \/>\n<link rel=\"canonical\" href=\"https:\/\/radiodht.com\/en\/\" \/>\n<meta property=\"og:locale\" content=\"en_US\" \/>\n<meta property=\"og:type\" content=\"article\" \/>\n<meta property=\"og:title\" content=\"W\u0142\u0105cz radio DHT - Radio DHT\" \/>\n<meta property=\"og:description\" content=\"Witaj i rozgo\u015b\u0107 si\u0119! Mamy dla Ciebie a\u017c 3 kana\u0142y: kana\u0142 g\u0142\u00f3wny, przeboje trzech pokole\u0144 Tu us\u0142yszysz znane utwory rozpoznawalnych gwiazd, ale i zupe\u0142nie zapomniane piosenki, wszystko wzbogacone interesuj\u0105cymi audycjami autorskimi. Kana\u0142 drugi, czyli wieczna impreza! Bez wzgl\u0119du na por\u0119 dnia, je\u015bli lubisz muzyk\u0119 taneczn\u0105, znajdziesz tu co\u015b dla siebie. Klikaj, s\u0142uchaj, baw si\u0119! kana\u0142 &hellip; Continue reading &quot;W\u0142\u0105cz radio DHT&quot;\" \/>\n<meta property=\"og:url\" content=\"https:\/\/radiodht.com\/en\/\" \/>\n<meta property=\"og:site_name\" content=\"Radio DHT\" \/>\n<meta property=\"article:publisher\" content=\"https:\/\/facebook.com\/radiodht\" \/>\n<meta property=\"article:modified_time\" content=\"2026-01-26T02:04:24+00:00\" \/>\n<meta name=\"twitter:card\" content=\"summary_large_image\" \/>\n<meta name=\"twitter:site\" content=\"@radiodht\" \/>\n<meta name=\"twitter:label1\" content=\"Est. reading time\" \/>\n\t<meta name=\"twitter:data1\" content=\"1 minute\" \/>\n<script type=\"application\/ld+json\" class=\"yoast-schema-graph\">{\"@context\":\"https:\\\/\\\/schema.org\",\"@graph\":[{\"@type\":\"WebPage\",\"@id\":\"https:\\\/\\\/radiodht.com\\\/\",\"url\":\"https:\\\/\\\/radiodht.com\\\/\",\"name\":\"W\u0142\u0105cz radio DHT - Radio DHT\",\"isPartOf\":{\"@id\":\"https:\\\/\\\/radiodht.com\\\/#website\"},\"datePublished\":\"2019-01-27T18:52:24+00:00\",\"dateModified\":\"2026-01-26T02:04:24+00:00\",\"breadcrumb\":{\"@id\":\"https:\\\/\\\/radiodht.com\\\/#breadcrumb\"},\"inLanguage\":\"en-US\",\"potentialAction\":[{\"@type\":\"ReadAction\",\"target\":[\"https:\\\/\\\/radiodht.com\\\/\"]}]},{\"@type\":\"BreadcrumbList\",\"@id\":\"https:\\\/\\\/radiodht.com\\\/#breadcrumb\",\"itemListElement\":[{\"@type\":\"ListItem\",\"position\":1,\"name\":\"Strona g\u0142\u00f3wna\",\"item\":\"https:\\\/\\\/radiodht.com\\\/\"},{\"@type\":\"ListItem\",\"position\":2,\"name\":\"W\u0142\u0105cz radio DHT\"}]},{\"@type\":\"WebSite\",\"@id\":\"https:\\\/\\\/radiodht.com\\\/#website\",\"url\":\"https:\\\/\\\/radiodht.com\\\/\",\"name\":\"Radio DHT\",\"description\":\"Dynamicznie, Humorystycznie, Tw\u00f3rczo!\",\"potentialAction\":[{\"@type\":\"SearchAction\",\"target\":{\"@type\":\"EntryPoint\",\"urlTemplate\":\"https:\\\/\\\/radiodht.com\\\/?s={search_term_string}\"},\"query-input\":{\"@type\":\"PropertyValueSpecification\",\"valueRequired\":true,\"valueName\":\"search_term_string\"}}],\"inLanguage\":\"en-US\"}]}<\/script>\n<!-- \/ Yoast SEO plugin. -->","yoast_head_json":{"title":"W\u0142\u0105cz radio DHT - Radio DHT","robots":{"index":"index","follow":"follow","max-snippet":"max-snippet:-1","max-image-preview":"max-image-preview:large","max-video-preview":"max-video-preview:-1"},"canonical":"https:\/\/radiodht.com\/en\/","og_locale":"en_US","og_type":"article","og_title":"W\u0142\u0105cz radio DHT - Radio DHT","og_description":"Witaj i rozgo\u015b\u0107 si\u0119! Mamy dla Ciebie a\u017c 3 kana\u0142y: kana\u0142 g\u0142\u00f3wny, przeboje trzech pokole\u0144 Tu us\u0142yszysz znane utwory rozpoznawalnych gwiazd, ale i zupe\u0142nie zapomniane piosenki, wszystko wzbogacone interesuj\u0105cymi audycjami autorskimi. Kana\u0142 drugi, czyli wieczna impreza! Bez wzgl\u0119du na por\u0119 dnia, je\u015bli lubisz muzyk\u0119 taneczn\u0105, znajdziesz tu co\u015b dla siebie. Klikaj, s\u0142uchaj, baw si\u0119! kana\u0142 &hellip; Continue reading \"W\u0142\u0105cz radio DHT\"","og_url":"https:\/\/radiodht.com\/en\/","og_site_name":"Radio DHT","article_publisher":"https:\/\/facebook.com\/radiodht","article_modified_time":"2026-01-26T02:04:24+00:00","twitter_card":"summary_large_image","twitter_site":"@radiodht","twitter_misc":{"Est. reading time":"1 minute"},"schema":{"@context":"https:\/\/schema.org","@graph":[{"@type":"WebPage","@id":"https:\/\/radiodht.com\/","url":"https:\/\/radiodht.com\/","name":"W\u0142\u0105cz radio DHT - Radio DHT","isPartOf":{"@id":"https:\/\/radiodht.com\/#website"},"datePublished":"2019-01-27T18:52:24+00:00","dateModified":"2026-01-26T02:04:24+00:00","breadcrumb":{"@id":"https:\/\/radiodht.com\/#breadcrumb"},"inLanguage":"en-US","potentialAction":[{"@type":"ReadAction","target":["https:\/\/radiodht.com\/"]}]},{"@type":"BreadcrumbList","@id":"https:\/\/radiodht.com\/#breadcrumb","itemListElement":[{"@type":"ListItem","position":1,"name":"Strona g\u0142\u00f3wna","item":"https:\/\/radiodht.com\/"},{"@type":"ListItem","position":2,"name":"W\u0142\u0105cz radio DHT"}]},{"@type":"WebSite","@id":"https:\/\/radiodht.com\/#website","url":"https:\/\/radiodht.com\/","name":"Radio DHT","description":"Dynamicznie, Humorystycznie, Tw\u00f3rczo!","potentialAction":[{"@type":"SearchAction","target":{"@type":"EntryPoint","urlTemplate":"https:\/\/radiodht.com\/?s={search_term_string}"},"query-input":{"@type":"PropertyValueSpecification","valueRequired":true,"valueName":"search_term_string"}}],"inLanguage":"en-US"}]}},"_links":{"self":[{"href":"https:\/\/radiodht.com\/en\/wp-json\/wp\/v2\/pages\/76","targetHints":{"allow":["GET"]}}],"collection":[{"href":"https:\/\/radiodht.com\/en\/wp-json\/wp\/v2\/pages"}],"about":[{"href":"https:\/\/radiodht.com\/en\/wp-json\/wp\/v2\/types\/page"}],"author":[{"embeddable":true,"href":"https:\/\/radiodht.com\/en\/wp-json\/wp\/v2\/users\/1"}],"replies":[{"embeddable":true,"href":"https:\/\/radiodht.com\/en\/wp-json\/wp\/v2\/comments?post=76"}],"version-history":[{"count":38,"href":"https:\/\/radiodht.com\/en\/wp-json\/wp\/v2\/pages\/76\/revisions"}],"predecessor-version":[{"id":376,"href":"https:\/\/radiodht.com\/en\/wp-json\/wp\/v2\/pages\/76\/revisions\/376"}],"wp:attachment":[{"href":"https:\/\/radiodht.com\/en\/wp-json\/wp\/v2\/media?parent=76"}],"curies":[{"name":"wp","href":"https:\/\/api.w.org\/{rel}","templated":true}]}}