{"id":6,"date":"2019-01-25T18:33:11","date_gmt":"2019-01-25T17:33:11","guid":{"rendered":"http:\/\/www.dht.tyflonet.com\/?page_id=6"},"modified":"2022-08-25T02:15:13","modified_gmt":"2022-08-25T00:15:13","slug":"redakcja","status":"publish","type":"page","link":"https:\/\/radiodht.com\/en\/redakcja\/","title":{"rendered":"Our team"},"content":{"rendered":"<p><img loading=\"lazy\" decoding=\"async\" src=\"https:\/\/dev.radiodht.com\/wp-content\/uploads\/2019\/02\/Milena-300x300.jpg\" alt=\"Zdj\u0119cie Mileny\" width=\"300\" height=\"300\" class=\"alignnone size-medium wp-image-143\" srcset=\"https:\/\/radiodht.com\/wp-content\/uploads\/2019\/02\/Milena-300x300.jpg 300w, https:\/\/radiodht.com\/wp-content\/uploads\/2019\/02\/Milena-150x150.jpg 150w, https:\/\/radiodht.com\/wp-content\/uploads\/2019\/02\/Milena-100x100.jpg 100w, https:\/\/radiodht.com\/wp-content\/uploads\/2019\/02\/Milena.jpg 355w\" sizes=\"auto, (max-width: 300px) 100vw, 300px\" \/><\/p>\n<h2>Milena Wi\u015bniewska<\/h2>\n<p>Od zawsze jej \u017cycie wype\u0142nia\u0142a muzyka. \u015apiewanie, gra na fortepianie czy komponowanie w\u0142asnych utwor\u00f3w do dzi\u015b sprawia jej przyjemno\u015b\u0107. Nic wi\u0119c dziwnego, \u017ce zdecydowa\u0142a si\u0119, aby po\u015bwi\u0119ci\u0107 kilkana\u015bcie lat na zdobycie muzycznego wykszta\u0142cenia. Opr\u00f3cz tego uwielbia r\u00f3wnie\u017c s\u0142uchanie muzyki, a jej upodobania s\u0105 bardzo r\u00f3\u017cnorodne. Gdy mia\u0142a 14 lat zainteresowa\u0142a si\u0119 muzyk\u0105 rockow\u0105 i alternatywn\u0105, nieco p\u00f3\u017aniej przysz\u0142a fascynacja muzyk\u0105 pochodz\u0105c\u0105 z epoki baroku, nie stroni r\u00f3wnie\u017c od tak zwanej piosenki literackiej. \u0179r\u00f3d\u0142em, z kt\u00f3rego czerpa\u0142a wiedz\u0119 o coraz to nowych muzycznych obszarach sta\u0142o si\u0119 radio. Cho\u0107 s\u0142uchanie radia wymienia\u0142a w\u015br\u00f3d swoich ulubionych czynno\u015bci, jeszcze do niedawna nie przesz\u0142o jej przez my\u015bl, \u017ce mo\u017ce \u201eznale\u017a\u0107 si\u0119 po tej drugiej stronie\u201d, a jej g\u0142os b\u0119dzie dociera\u0142 do s\u0142uchaczy. Gdy tylko jednak pojawi\u0142a si\u0119 taka mo\u017cliwo\u015b\u0107, bez wahania zgodzi\u0142a si\u0119 na do\u0142\u0105czenie do za\u0142ogi radia DHT.<br \/>\nSwoj\u0105 muzyczn\u0105 wiedz\u0119 wykorzystuje wybieraj\u0105c piosenki, kt\u00f3re mo\u017cecie us\u0142ysze\u0107 na antenie kana\u0142u g\u0142\u00f3wnego Radia DHT. Drug\u0105 pasj\u0105, zwi\u0105zan\u0105 z mediami, dzieli si\u0119 wsp\u00f3\u0142prowadz\u0105c program RTV. A w\u0142a\u015bnie, skoro ju\u017c jeste\u015bmy przy telewizji, szczeg\u00f3ln\u0105 mi\u0142o\u015bci\u0105 obdarza serial \u201eKlan\u201d. Dodatkowo dba o zaopatrzenie naszego redakcyjnego barku \u2014 jest bowiem wielbicielk\u0105 piw rzemie\u015blniczych.<br \/>\nCo m\u00f3wi\u0105 o niej inni? Jaka jest, zar\u00f3wno w swej muzycznej, jak i radiowej dzia\u0142alno\u015bci? Najlepiej okre\u015blaj\u0105 j\u0105 chyba dwa s\u0142owa \u2014 prymuska i perfekcjonistka.<\/p>\n<p><img loading=\"lazy\" decoding=\"async\" src=\"https:\/\/dev.radiodht.com\/wp-content\/uploads\/2019\/03\/Madzia-296x300.jpg\" alt=\"Zdj\u0119cie Magdaleny\" width=\"296\" height=\"300\" class=\"alignnone size-medium wp-image-200\" srcset=\"https:\/\/radiodht.com\/wp-content\/uploads\/2019\/03\/Madzia-296x300.jpg 296w, https:\/\/radiodht.com\/wp-content\/uploads\/2019\/03\/Madzia-100x100.jpg 100w, https:\/\/radiodht.com\/wp-content\/uploads\/2019\/03\/Madzia.jpg 591w\" sizes=\"auto, (max-width: 296px) 100vw, 296px\" \/><\/p>\n<h2>Magdalena Rutkowska<\/h2>\n<p>Masa\u017cystka zwierz\u0105t, artystka, dziennikarka radiowa. Nieustannie zaciekawiona \u015bwiatem, rz\u0105dna wiedzy i nowych umiej\u0119tno\u015bci. Ch\u0119tnie anga\u017cuje si\u0119 w przer\u00f3\u017cne projekty spo\u0142eczne. Do ka\u017cdej pracy podchodzi z entuzjazmem albo wcale\ud83d\ude43. Na\u0142ogowo czyta ksi\u0105\u017cki, kocha spacery po lesie i ma absolutnego fio\u0142a na punkcie zwierz\u0105t\ud83d\udc3e.<br \/>\nW Radiu DHT na kanale g\u0142\u00f3wnym prowadzi Pozytywnik, czyli cykl audycji wolnych od malkontenctwa, za to bogatych w rozmowy o wszystkim czym warto si\u0119 dzieli\u0107.<\/p>\n<p><img loading=\"lazy\" decoding=\"async\" src=\"https:\/\/dev.radiodht.com\/wp-content\/uploads\/2019\/03\/Micha\u0142-300x300.jpg\" alt=\"Zdj\u0119cie Micha\u0142a\" width=\"300\" height=\"300\" class=\"alignnone size-medium wp-image-198\" srcset=\"https:\/\/radiodht.com\/wp-content\/uploads\/2019\/03\/Micha\u0142-300x300.jpg 300w, https:\/\/radiodht.com\/wp-content\/uploads\/2019\/03\/Micha\u0142-150x150.jpg 150w, https:\/\/radiodht.com\/wp-content\/uploads\/2019\/03\/Micha\u0142-100x100.jpg 100w, https:\/\/radiodht.com\/wp-content\/uploads\/2019\/03\/Micha\u0142.jpg 356w\" sizes=\"auto, (max-width: 300px) 100vw, 300px\" \/><\/p>\n<h2>Micha\u0142 Dziwisz<\/h2>\n<p>Kr\u0105\u017c\u0105 pog\u0142oski, \u017ce jego pierwszym s\u0142owem nie by\u0142o ani mama, ani tata, tylko &#8222;\u0142adio&#8221;. Mimo tego, do 6 roku \u017cycia nie wiedzia\u0142, co chce robi\u0107, sp\u0119dza\u0142o mu to sen z powiek, wszak wszyscy w przedszkolu mieli ju\u017c opracowane \u015bcie\u017cki kariery i wieloletnie plany samorealizacji w tak rozwojowych i potrzebnych przecie\u017c zawodach jak policjant, stra\u017cak, piel\u0119gniarka czy stripteaserka. po wizycie w lokalnej rozg\u0142o\u015bni radiowej dozna\u0142 ol\u015bnienia i wszystko sta\u0142o si\u0119 jasne. Trzeba by\u0142o tylko nauczy\u0107 si\u0119 m\u00f3wi\u0107 &#8222;r&#8221; i \u015bwiat stan\u0105\u0142 przed nim tym w\u0142a\u015bciwym otworem. W tym samym roku, kilka miesi\u0119cy p\u00f3\u017aniej odwiedzi\u0142 go \u015bwi\u0119ty Miko\u0142aj, przynosz\u0105c komputer. I tak \u0142\u0105cz\u0105c swoje dwie najwi\u0119ksze pasje przez kolejne lata gada\u0142 do mikrofonu, gra\u0142 muzyk\u0119, naprawia\u0142 i psu\u0142 komputery, wpad\u0142 na pomys\u0142 stworzenia serwisu z audycjami dla niewidomych, a pod koniec 2015R uruchomi\u0142 Radio DHT. W redakcji mo\u017cna go spotka\u0107 przed mikrofonem, gdzie opowiada o wszystkim, o czym zajdzie potrzeba, za konsolet\u0105, gdzie realizuje siebie i innych, w serwerowni, gdzie cz\u0119\u015bciej jednak naprawia, ni\u017c psuje. Opr\u00f3cz tego, wsp\u00f3lnie z Milen\u0105 Wi\u015bniewsk\u0105 dba o muzyczn\u0105 zawarto\u015b\u0107 g\u0142\u00f3wnego kana\u0142u Radia DHT. Na pierwszy rzut oka mi\u0142y i sympatyczny, na drugi, to zale\u017cy&#8230; \ud83d\ude42<\/p>\n<p><img loading=\"lazy\" decoding=\"async\" src=\"https:\/\/dev.radiodht.com\/wp-content\/uploads\/1612\/35\/Kazimierz-300x225.jpg\" alt=\"Zdj\u0119cie Kazimierza\" width=\"300\" height=\"225\" class=\"aligncenter size-medium wp-image-328\" srcset=\"https:\/\/radiodht.com\/wp-content\/uploads\/1612\/35\/Kazimierz-300x225.jpg 300w, https:\/\/radiodht.com\/wp-content\/uploads\/1612\/35\/Kazimierz-1024x768.jpg 1024w, https:\/\/radiodht.com\/wp-content\/uploads\/1612\/35\/Kazimierz-768x576.jpg 768w, https:\/\/radiodht.com\/wp-content\/uploads\/1612\/35\/Kazimierz-1536x1152.jpg 1536w, https:\/\/radiodht.com\/wp-content\/uploads\/1612\/35\/Kazimierz-2048x1536.jpg 2048w, https:\/\/radiodht.com\/wp-content\/uploads\/1612\/35\/Kazimierz-16x12.jpg 16w\" sizes=\"auto, (max-width: 300px) 100vw, 300px\" \/><\/p>\n<h2>Kazimierz Parzych<\/h2>\n<p>  Z wykszta\u0142cenia realizator d\u017awi\u0119ku i informatyk. Prywatnie wielbiciel kot\u00f3w i cz\u0142owiek otwarty na nowo\u015bci, szczeg\u00f3lnie techniczne. Z zami\u0142owania&#8230; Ujmijmy to tak: ludzi mo\u017cna podzieli\u0107, oczywi\u015bcie bardzo upraszczaj\u0105c, na dwie grupy: tych, kt\u00f3rzy nie do ko\u0144ca wiedz\u0105, jak\u0105 drog\u0119 osobistego rozwoju obra\u0107 oraz &#8211; mniej liczn\u0105 &#8211; ludzi od dzieci\u0144stwa pozostaj\u0105cych wiernymi jednemu, wci\u0105\u017c pog\u0142\u0119bianemu hobby, kt\u00f3re wytycza im prost\u0105 drog\u0119 przez \u017cycie i Kazek do tej w\u0142a\u015bnie grupy nale\u017cy. Fascynacja radiem dopad\u0142a go, gdy rozpoczyna\u0142 szkoln\u0105 karier\u0119 i nie opu\u015bci\u0142a do dzi\u015b. Zacz\u0119\u0142o si\u0119 od zabaw nadajniczkiem radiowym z zestawu &#8222;zr\u00f3b to sam&#8217;, a poskutkowa\u0142o utworzeniem i zarz\u0105dzaniem [tak\u017ce od strony technicznej] drugim kana\u0142em radia DHT. Kompletnym brakiem rozs\u0105dku z jego strony by\u0142oby niepo\u0142\u0105czenie zainteresowa\u0144 radiowych i muzycznych. Prowadz\u0105cemu drugiego kana\u0142u rozs\u0105dku nie brak, nic wi\u0119c dziwnego, \u017ce  w dzie\u0144 i w nocy us\u0142ysze\u0107 mo\u017cna tam handsup, dance oraz disco polo, czyli taneczne rytmy, kt\u00f3rych mi\u0142o\u015bnikiem sta\u0142 si\u0119 tak dawno, \u017ce najstarsi g\u00f3rale nie pami\u0119taj\u0105 kiedy to by\u0142o. Sam Kazek natomiast pojawia si\u0119 osobi\u015bcie na kanale drugim radia DHT zazwyczaj w pi\u0105tkowe wieczory, jako prezenter w audycji &#8222;Polo Night&#8221;.<\/p>\n<p><img loading=\"lazy\" decoding=\"async\" src=\"https:\/\/dev.radiodht.com\/wp-content\/uploads\/2021\/05\/Patryk-Werwinski-300x300.jpg\" alt=\"Zdj\u0119cie Patryka\" width=\"300\" height=\"300\" class=\"aligncenter size-medium wp-image-333\" srcset=\"https:\/\/radiodht.com\/wp-content\/uploads\/2021\/05\/Patryk-Werwinski-300x300.jpg 300w, https:\/\/radiodht.com\/wp-content\/uploads\/2021\/05\/Patryk-Werwinski-1024x1024.jpg 1024w, https:\/\/radiodht.com\/wp-content\/uploads\/2021\/05\/Patryk-Werwinski-150x150.jpg 150w, https:\/\/radiodht.com\/wp-content\/uploads\/2021\/05\/Patryk-Werwinski-768x769.jpg 768w, https:\/\/radiodht.com\/wp-content\/uploads\/2021\/05\/Patryk-Werwinski-12x12.jpg 12w, https:\/\/radiodht.com\/wp-content\/uploads\/2021\/05\/Patryk-Werwinski-100x100.jpg 100w, https:\/\/radiodht.com\/wp-content\/uploads\/2021\/05\/Patryk-Werwinski.jpg 1080w\" sizes=\"auto, (max-width: 300px) 100vw, 300px\" \/><\/p>\n<h2>Patryk Werwi\u0144ski<\/h2>\n<p>Patryk Radia s\u0142ucha od najm\u0142odszych lat, jednak muzyka klubowa oraz Dance zacz\u0119\u0142a go kr\u0119ci\u0107 od 2012 roku.<br \/>\nJak m\u00f3wi: Jestem osob\u0105 otwart\u0105, lubi\u0105c\u0105 wszelkie towarzystwo.<br \/>\nMimo moich problem\u00f3w wzrokowych chc\u0119 spe\u0142nia\u0107 swoje Radiowe marzenia.<br \/>\nW Radiu DHT gram dla was od pocz\u0105tku pa\u017adziernika 2020 roku.<br \/>\nW roli prezentera radiowego czuj\u0119 si\u0119 z tygodnia na tydzie\u0144 coraz lepiej.<br \/>\nW Radiu DHT gram dla was imprezowo, poniewa\u017c kocham muzyk\u0119 taneczn\u0105.<\/p>\n<p><img loading=\"lazy\" decoding=\"async\" src=\"https:\/\/dev.radiodht.com\/wp-content\/uploads\/2019\/09\/kamil-300x225.jpg\" alt=\"Zdj\u0119cie Kamila\" width=\"300\" height=\"225\" class=\"aligncenter size-medium wp-image-283\" srcset=\"https:\/\/radiodht.com\/wp-content\/uploads\/2019\/09\/kamil-300x225.jpg 300w, https:\/\/radiodht.com\/wp-content\/uploads\/2019\/09\/kamil-768x576.jpg 768w, https:\/\/radiodht.com\/wp-content\/uploads\/2019\/09\/kamil-1024x768.jpg 1024w\" sizes=\"auto, (max-width: 300px) 100vw, 300px\" \/><\/p>\n<h2>Kamil \u0141ukaszewicz<\/h2>\n<p>Ju\u017c od dziecka interesuje si\u0119 radiem i muzyk\u0105.<br \/>\nPoniewa\u017c bardzo lubi dzieli\u0107 si\u0119 swoimi muzycznymi inspiracjami, cz\u0119\u015b\u0107 muzyki, kt\u00f3r\u0105 mo\u017cecie us\u0142ysze\u0107 na antenie drugiego, tanecznego kana\u0142u Radia DHT uk\u0142ada w\u0142a\u015bnie on.<br \/>\nCzasami mo\u017cna go r\u00f3wnie\u017c spotka\u0107 przed mikrofonem i za konsolet\u0105.<\/p>\n<p><img loading=\"lazy\" decoding=\"async\" src=\"https:\/\/dev.radiodht.com\/wp-content\/uploads\/2019\/12\/Tomasz-Cichy-225x300.jpg\" alt=\"Zdj\u0119cie Tomasza Cichego\" width=\"225\" height=\"300\" class=\"aligncenter size-medium wp-image-304\" srcset=\"https:\/\/radiodht.com\/wp-content\/uploads\/2019\/12\/Tomasz-Cichy-225x300.jpg 225w, https:\/\/radiodht.com\/wp-content\/uploads\/2019\/12\/Tomasz-Cichy.jpg 576w\" sizes=\"auto, (max-width: 225px) 100vw, 225px\" \/><\/p>\n<h2>Tomasz Cichy<\/h2>\n<p>Od 90-tych lat zakochany w ostrych brzmieniach. Ju\u017c jako dziecko przerabia\u0142 odbiorniki radiowe, \u017ceby m\u00f3c\u00a0 s\u0142ucha\u0107 muzyki jak najg\u0142o\u015bniej. Mi\u0142o\u015bnik podcast\u00f3w kryminalnych i technologicznych. \u00a0W \u017cyciu pr\u00f3cz muzyki towarzyszy mu sport, a szczeg\u00f3lnie pi\u0142ka no\u017cna. \u00a0\u00a0\u00a0<br \/>\nW Radiu DHT na kanale g\u0142\u00f3wnym prowadzi audycj\u0119 \u201eKu\u017ania Metalu\u201d w kt\u00f3rej mo\u017cna us\u0142ysze\u0107 ci\u0119\u017csze brzmienia wyp\u0142ywaj\u0105ce z jego duszy.<\/p>\n<p><img loading=\"lazy\" decoding=\"async\" src=\"https:\/\/dev.radiodht.com\/wp-content\/uploads\/2019\/11\/Rich-dart-hi-res1-200x300.jpeg\" alt=\"Zdj\u0119cie Richa\" width=\"200\" height=\"300\" class=\"aligncenter size-medium wp-image-301\" srcset=\"https:\/\/radiodht.com\/wp-content\/uploads\/2019\/11\/Rich-dart-hi-res1-200x300.jpeg 200w, https:\/\/radiodht.com\/wp-content\/uploads\/2019\/11\/Rich-dart-hi-res1.jpeg 213w\" sizes=\"auto, (max-width: 200px) 100vw, 200px\" \/><\/p>\n<h2>Rich Appel<\/h2>\n<p>Na pocz\u0105tek zdradzimy Wam ma\u0142y sekret: Pierwszym sukcesem Richa by\u0142a nagroda za przerzucenie pi\u0142ki przez opon\u0119, dokona\u0142 tego w wieku 12 lat. Jednak zamiast p\u00f3j\u015b\u0107 za ciosem i sta\u0107 si\u0119 gwiazd\u0105 sportu \u015bwiatowego formatu, wybra\u0142 media, ze szczeg\u00f3lnym uwzgl\u0119dnieniem radia i muzyki.<br \/>\nZacz\u0105\u0142 od stacji uczelnianych, p\u00f3\u017aniej zdobywa\u0142 kolejne szczeble radiowej kariery. Pracowa\u0142 m.in. w WRNJ, gdzie prowadzi\u0142 r\u00f3\u017cne pasma prezenterskie. W stacjach WGHT i Pop Gold Radio zajmowa\u0142 si\u0119 g\u0142\u00f3wnie listami przeboj\u00f3w. Czy jednak ca\u0142e \u017cycie Richa wype\u0142nia\u0142o radio? Nie, zdecydowanie nie. Przez 20 lat pracowa\u0142 w Sony Music Entertainment, by\u0142 redaktorem Billboard\u2019s Top 40 Update, wydawa\u0142 w\u0142asny biuletyn informacyjny po\u015bwi\u0119cony muzyce. Opr\u00f3cz tego jest r\u00f3wnie\u017c wsp\u00f3\u0142autorem ksi\u0105\u017cek o popkulturze lat 60 i 70. Macie ochot\u0119 wyzwa\u0107 Richa na pojedynek w zakresie znajomo\u015bci r\u00f3\u017cnych piosenek? Lepiej uwa\u017cajcie! Przez wiele lat by\u0142 autorem pyta\u0144 do internetowych konkurs\u00f3w muzycznych Citibanku, a opr\u00f3cz tego przez ponad dekad\u0119 prowadzi\u0142 autorski quiz muzyczny na terenie Nowego Jorku, z kt\u00f3rego doch\u00f3d by\u0142 przeznaczany na rzecz organizacji dobroczynnych. Richa mo\u017cna spotka\u0107 tak\u017ce w salach wyk\u0142adowych niekt\u00f3rych ameryka\u0144skich uczelni, np. Fairleigh Dickinson, Seton Hall, Montclair State, czy Felician Universities. Uczy tam rzemios\u0142a radiowego i innych przedmiot\u00f3w zwi\u0105zanych z mediami.<br \/>\nI w tym wszystkim znajduje jeszcze czas, \u017ceby raz w tygodniu na 3 godziny pojawi\u0107 si\u0119 na antenie Radia DHT ze swoim autorskim programem THAT THING with Rich Appel, w ka\u017cd\u0105 niedziel\u0119 mi\u0119dzy 14 a 17.<\/p>\n<p><img loading=\"lazy\" decoding=\"async\" src=\"https:\/\/dev.radiodht.com\/wp-content\/uploads\/2019\/09\/Zdj\u0119cie-Gena-Zeon-i-Max-Nemo-300x300.jpg\" alt=\"Zdj\u0119cie Geny i Maxa\" width=\"300\" height=\"300\" class=\"aligncenter size-medium wp-image-277\" srcset=\"https:\/\/radiodht.com\/wp-content\/uploads\/2019\/09\/Zdj\u0119cie-Gena-Zeon-i-Max-Nemo-300x300.jpg 300w, https:\/\/radiodht.com\/wp-content\/uploads\/2019\/09\/Zdj\u0119cie-Gena-Zeon-i-Max-Nemo-150x150.jpg 150w, https:\/\/radiodht.com\/wp-content\/uploads\/2019\/09\/Zdj\u0119cie-Gena-Zeon-i-Max-Nemo-768x768.jpg 768w, https:\/\/radiodht.com\/wp-content\/uploads\/2019\/09\/Zdj\u0119cie-Gena-Zeon-i-Max-Nemo-100x100.jpg 100w, https:\/\/radiodht.com\/wp-content\/uploads\/2019\/09\/Zdj\u0119cie-Gena-Zeon-i-Max-Nemo.jpg 800w\" sizes=\"auto, (max-width: 300px) 100vw, 300px\" \/><\/p>\n<h2>Gena Zeon i Max Nemo<\/h2>\n<p>Tych 2 prezenter\u00f3w Radia DHT  pochodzi z Doniecka na Ukrainie, ich ulubion\u0105 i najcz\u0119\u015bciej prezentowan\u0105 muzyk\u0105 jest progresywny trance.<br \/>\nW 2012 r. za\u0142o\u017cyli &#8222;Kontroller project&#8221;. Od 2014 wydaj\u0105 swoje audycje pt. &#8222;Magic Sound Podcast&#8221;<br \/>\nW programie tym mo\u017cna us\u0142ysze\u0107 najbardziej melodyjne i najwy\u017cszej jako\u015bci wyprodukowane d\u017awi\u0119ki z ostatnich dni.<\/p>\n<h2>\u0414\u043c\u0438\u0442\u0440\u0438\u0439 (DiBarneo) \u041c\u043e\u0441\u044f\u0433\u0438\u043d<\/h2>\n<p>Urodzi\u0142 si\u0119 11 Grudnia 1995 w Barnaul w Rosji.<br \/>\nTo artysta, kt\u00f3ry w swoim &#8222;DiBarneo-Dancecore Show&#8221; miksuje muzyk\u0119 Trance Hands Up i Hard Bass.<\/p>\n","protected":false},"excerpt":{"rendered":"<p>Milena Wi\u015bniewska Od zawsze jej \u017cycie wype\u0142nia\u0142a muzyka. \u015apiewanie, gra na fortepianie czy komponowanie w\u0142asnych utwor\u00f3w do dzi\u015b sprawia jej przyjemno\u015b\u0107. Nic wi\u0119c dziwnego, \u017ce zdecydowa\u0142a si\u0119, aby po\u015bwi\u0119ci\u0107 kilkana\u015bcie lat na zdobycie muzycznego wykszta\u0142cenia. Opr\u00f3cz tego uwielbia r\u00f3wnie\u017c s\u0142uchanie muzyki, a jej upodobania s\u0105 bardzo r\u00f3\u017cnorodne. Gdy mia\u0142a 14 lat zainteresowa\u0142a si\u0119 muzyk\u0105 rockow\u0105 &hellip; <\/p>\n<p class=\"link-more\"><a href=\"https:\/\/radiodht.com\/en\/redakcja\/\" class=\"more-link\">Continue reading<span class=\"screen-reader-text\"> &#8222;Redakcja&#8221;<\/span><\/a><\/p>","protected":false},"author":1,"featured_media":0,"parent":0,"menu_order":0,"comment_status":"closed","ping_status":"closed","template":"","meta":{"footnotes":""},"class_list":["post-6","page","type-page","status-publish","hentry"],"yoast_head":"<!-- This site is optimized with the Yoast SEO plugin v27.3 - https:\/\/yoast.com\/product\/yoast-seo-wordpress\/ -->\n<title>Redakcja - Radio DHT<\/title>\n<meta name=\"robots\" content=\"index, follow, max-snippet:-1, max-image-preview:large, max-video-preview:-1\" \/>\n<link rel=\"canonical\" href=\"https:\/\/radiodht.com\/en\/redakcja\/\" \/>\n<meta property=\"og:locale\" content=\"en_US\" \/>\n<meta property=\"og:type\" content=\"article\" \/>\n<meta property=\"og:title\" content=\"Redakcja - Radio DHT\" \/>\n<meta property=\"og:description\" content=\"Milena Wi\u015bniewska Od zawsze jej \u017cycie wype\u0142nia\u0142a muzyka. \u015apiewanie, gra na fortepianie czy komponowanie w\u0142asnych utwor\u00f3w do dzi\u015b sprawia jej przyjemno\u015b\u0107. Nic wi\u0119c dziwnego, \u017ce zdecydowa\u0142a si\u0119, aby po\u015bwi\u0119ci\u0107 kilkana\u015bcie lat na zdobycie muzycznego wykszta\u0142cenia. Opr\u00f3cz tego uwielbia r\u00f3wnie\u017c s\u0142uchanie muzyki, a jej upodobania s\u0105 bardzo r\u00f3\u017cnorodne. Gdy mia\u0142a 14 lat zainteresowa\u0142a si\u0119 muzyk\u0105 rockow\u0105 &hellip; Continue reading &quot;Redakcja&quot;\" \/>\n<meta property=\"og:url\" content=\"https:\/\/radiodht.com\/en\/redakcja\/\" \/>\n<meta property=\"og:site_name\" content=\"Radio DHT\" \/>\n<meta property=\"article:publisher\" content=\"https:\/\/facebook.com\/radiodht\" \/>\n<meta property=\"article:modified_time\" content=\"2022-08-25T00:15:13+00:00\" \/>\n<meta property=\"og:image\" content=\"https:\/\/dev.radiodht.com\/wp-content\/uploads\/2019\/02\/Milena-300x300.jpg\" \/>\n<meta name=\"twitter:card\" content=\"summary_large_image\" \/>\n<meta name=\"twitter:site\" content=\"@radiodht\" \/>\n<meta name=\"twitter:label1\" content=\"Est. reading time\" \/>\n\t<meta name=\"twitter:data1\" content=\"10 minutes\" \/>\n<script type=\"application\/ld+json\" class=\"yoast-schema-graph\">{\"@context\":\"https:\\\/\\\/schema.org\",\"@graph\":[{\"@type\":\"WebPage\",\"@id\":\"https:\\\/\\\/radiodht.com\\\/redakcja\\\/\",\"url\":\"https:\\\/\\\/radiodht.com\\\/redakcja\\\/\",\"name\":\"Redakcja - Radio DHT\",\"isPartOf\":{\"@id\":\"https:\\\/\\\/radiodht.com\\\/#website\"},\"primaryImageOfPage\":{\"@id\":\"https:\\\/\\\/radiodht.com\\\/redakcja\\\/#primaryimage\"},\"image\":{\"@id\":\"https:\\\/\\\/radiodht.com\\\/redakcja\\\/#primaryimage\"},\"thumbnailUrl\":\"https:\\\/\\\/dev.radiodht.com\\\/wp-content\\\/uploads\\\/2019\\\/02\\\/Milena-300x300.jpg\",\"datePublished\":\"2019-01-25T17:33:11+00:00\",\"dateModified\":\"2022-08-25T00:15:13+00:00\",\"breadcrumb\":{\"@id\":\"https:\\\/\\\/radiodht.com\\\/redakcja\\\/#breadcrumb\"},\"inLanguage\":\"en-US\",\"potentialAction\":[{\"@type\":\"ReadAction\",\"target\":[\"https:\\\/\\\/radiodht.com\\\/redakcja\\\/\"]}]},{\"@type\":\"ImageObject\",\"inLanguage\":\"en-US\",\"@id\":\"https:\\\/\\\/radiodht.com\\\/redakcja\\\/#primaryimage\",\"url\":\"https:\\\/\\\/dev.radiodht.com\\\/wp-content\\\/uploads\\\/2019\\\/02\\\/Milena-300x300.jpg\",\"contentUrl\":\"https:\\\/\\\/dev.radiodht.com\\\/wp-content\\\/uploads\\\/2019\\\/02\\\/Milena-300x300.jpg\"},{\"@type\":\"BreadcrumbList\",\"@id\":\"https:\\\/\\\/radiodht.com\\\/redakcja\\\/#breadcrumb\",\"itemListElement\":[{\"@type\":\"ListItem\",\"position\":1,\"name\":\"Strona g\u0142\u00f3wna\",\"item\":\"https:\\\/\\\/radiodht.com\\\/\"},{\"@type\":\"ListItem\",\"position\":2,\"name\":\"Redakcja\"}]},{\"@type\":\"WebSite\",\"@id\":\"https:\\\/\\\/radiodht.com\\\/#website\",\"url\":\"https:\\\/\\\/radiodht.com\\\/\",\"name\":\"Radio DHT\",\"description\":\"Dynamicznie, Humorystycznie, Tw\u00f3rczo!\",\"potentialAction\":[{\"@type\":\"SearchAction\",\"target\":{\"@type\":\"EntryPoint\",\"urlTemplate\":\"https:\\\/\\\/radiodht.com\\\/?s={search_term_string}\"},\"query-input\":{\"@type\":\"PropertyValueSpecification\",\"valueRequired\":true,\"valueName\":\"search_term_string\"}}],\"inLanguage\":\"en-US\"}]}<\/script>\n<!-- \/ Yoast SEO plugin. -->","yoast_head_json":{"title":"Redakcja - Radio DHT","robots":{"index":"index","follow":"follow","max-snippet":"max-snippet:-1","max-image-preview":"max-image-preview:large","max-video-preview":"max-video-preview:-1"},"canonical":"https:\/\/radiodht.com\/en\/redakcja\/","og_locale":"en_US","og_type":"article","og_title":"Redakcja - Radio DHT","og_description":"Milena Wi\u015bniewska Od zawsze jej \u017cycie wype\u0142nia\u0142a muzyka. \u015apiewanie, gra na fortepianie czy komponowanie w\u0142asnych utwor\u00f3w do dzi\u015b sprawia jej przyjemno\u015b\u0107. Nic wi\u0119c dziwnego, \u017ce zdecydowa\u0142a si\u0119, aby po\u015bwi\u0119ci\u0107 kilkana\u015bcie lat na zdobycie muzycznego wykszta\u0142cenia. Opr\u00f3cz tego uwielbia r\u00f3wnie\u017c s\u0142uchanie muzyki, a jej upodobania s\u0105 bardzo r\u00f3\u017cnorodne. Gdy mia\u0142a 14 lat zainteresowa\u0142a si\u0119 muzyk\u0105 rockow\u0105 &hellip; Continue reading \"Redakcja\"","og_url":"https:\/\/radiodht.com\/en\/redakcja\/","og_site_name":"Radio DHT","article_publisher":"https:\/\/facebook.com\/radiodht","article_modified_time":"2022-08-25T00:15:13+00:00","og_image":[{"url":"https:\/\/dev.radiodht.com\/wp-content\/uploads\/2019\/02\/Milena-300x300.jpg","type":"","width":"","height":""}],"twitter_card":"summary_large_image","twitter_site":"@radiodht","twitter_misc":{"Est. reading time":"10 minutes"},"schema":{"@context":"https:\/\/schema.org","@graph":[{"@type":"WebPage","@id":"https:\/\/radiodht.com\/redakcja\/","url":"https:\/\/radiodht.com\/redakcja\/","name":"Redakcja - Radio DHT","isPartOf":{"@id":"https:\/\/radiodht.com\/#website"},"primaryImageOfPage":{"@id":"https:\/\/radiodht.com\/redakcja\/#primaryimage"},"image":{"@id":"https:\/\/radiodht.com\/redakcja\/#primaryimage"},"thumbnailUrl":"https:\/\/dev.radiodht.com\/wp-content\/uploads\/2019\/02\/Milena-300x300.jpg","datePublished":"2019-01-25T17:33:11+00:00","dateModified":"2022-08-25T00:15:13+00:00","breadcrumb":{"@id":"https:\/\/radiodht.com\/redakcja\/#breadcrumb"},"inLanguage":"en-US","potentialAction":[{"@type":"ReadAction","target":["https:\/\/radiodht.com\/redakcja\/"]}]},{"@type":"ImageObject","inLanguage":"en-US","@id":"https:\/\/radiodht.com\/redakcja\/#primaryimage","url":"https:\/\/dev.radiodht.com\/wp-content\/uploads\/2019\/02\/Milena-300x300.jpg","contentUrl":"https:\/\/dev.radiodht.com\/wp-content\/uploads\/2019\/02\/Milena-300x300.jpg"},{"@type":"BreadcrumbList","@id":"https:\/\/radiodht.com\/redakcja\/#breadcrumb","itemListElement":[{"@type":"ListItem","position":1,"name":"Strona g\u0142\u00f3wna","item":"https:\/\/radiodht.com\/"},{"@type":"ListItem","position":2,"name":"Redakcja"}]},{"@type":"WebSite","@id":"https:\/\/radiodht.com\/#website","url":"https:\/\/radiodht.com\/","name":"Radio DHT","description":"Dynamicznie, Humorystycznie, Tw\u00f3rczo!","potentialAction":[{"@type":"SearchAction","target":{"@type":"EntryPoint","urlTemplate":"https:\/\/radiodht.com\/?s={search_term_string}"},"query-input":{"@type":"PropertyValueSpecification","valueRequired":true,"valueName":"search_term_string"}}],"inLanguage":"en-US"}]}},"_links":{"self":[{"href":"https:\/\/radiodht.com\/en\/wp-json\/wp\/v2\/pages\/6","targetHints":{"allow":["GET"]}}],"collection":[{"href":"https:\/\/radiodht.com\/en\/wp-json\/wp\/v2\/pages"}],"about":[{"href":"https:\/\/radiodht.com\/en\/wp-json\/wp\/v2\/types\/page"}],"author":[{"embeddable":true,"href":"https:\/\/radiodht.com\/en\/wp-json\/wp\/v2\/users\/1"}],"replies":[{"embeddable":true,"href":"https:\/\/radiodht.com\/en\/wp-json\/wp\/v2\/comments?post=6"}],"version-history":[{"count":30,"href":"https:\/\/radiodht.com\/en\/wp-json\/wp\/v2\/pages\/6\/revisions"}],"predecessor-version":[{"id":348,"href":"https:\/\/radiodht.com\/en\/wp-json\/wp\/v2\/pages\/6\/revisions\/348"}],"wp:attachment":[{"href":"https:\/\/radiodht.com\/en\/wp-json\/wp\/v2\/media?parent=6"}],"curies":[{"name":"wp","href":"https:\/\/api.w.org\/{rel}","templated":true}]}}