{"id":269,"date":"2019-09-02T00:50:04","date_gmt":"2019-09-01T22:50:04","guid":{"rendered":"http:\/\/www.radiodht.com\/?page_id=269"},"modified":"2021-05-05T00:21:55","modified_gmt":"2021-05-04T22:21:55","slug":"ramowka-kanal-2","status":"publish","type":"page","link":"https:\/\/radiodht.com\/en\/ramowka-kanal-2\/","title":{"rendered":"Ram\u00f3wka (Kana\u0142 2)"},"content":{"rendered":"<h2>poniedzia\u0142ek<\/h2>\n<ul>\n<li>00:00 &#8211; 02:00 &#8211; Handsup Never Dies<\/li>\n<li>02:00 &#8211; 06:00 &#8211; Nocny Tranceport<\/li>\n<li>06:00 \u2013 13:00 \u2013 Poranek z Eurodance<\/li>\n<li>13:00 \u2013 20:00 Taneczne popo\u0142udnie<\/li>\n<li>20:00 &#8211; 22:00 (w ka\u017cdy pierwszy i ostatni poniedzia\u0142ek miesi\u0105ca) &#8211; Magic Sound Podcast<\/li>\n<li>20:00 &#8211; 22:00 (w drugi i trzeci poniedzia\u0142ek miesi\u0105ca) &#8211; DiBarneo &#8211; Dancecore Show<\/li>\n<li>22:00 &#8211; 00:00 &#8211; Handsup Never Dies<\/li>\n<\/ul>\n<h2>Wtorek<\/h2>\n<ul>\n<li>00:00 &#8211; 02:00 &#8211; Handsup Never Dies<\/li>\n<li>02:00 &#8211; 06:00 &#8211; Nocny Tranceport<\/li>\n<li>06:00 \u2013 13:00 \u2013 Poranek z Eurodance<\/li>\n<li>13:00 \u2013 20:00 Taneczne popo\u0142udnie<\/li>\n<li>20:00 &#8211; 00:00 &#8211; Handsup Never Dies<\/li>\n<\/ul>\n<h2>\u015aroda<\/h2>\n<ul>\n<li>00:00 &#8211; 02:00 &#8211; Handsup Never Dies<\/li>\n<li>02:00 &#8211; 06:00 &#8211; Nocny Tranceport<\/li>\n<li>06:00 \u2013 13:00 \u2013 Poranek z Eurodance<\/li>\n<li>13:00 \u2013 20:00 Taneczne popo\u0142udnie<\/li>\n<li>20:00 &#8211; 00:00 &#8211; Handsup Never Dies<\/li>\n<\/ul>\n<h2>Czwartek<\/h2>\n<ul>\n<li>00:00 &#8211; 02:00 &#8211; Handsup Never Dies<\/li>\n<li>02:00 &#8211; 06:00 &#8211; Nocny Tranceport<\/li>\n<li>06:00 \u2013 13:00 \u2013 Poranek z Eurodance<\/li>\n<li>13:00 \u2013 20:00 Taneczne popo\u0142udnie<\/li>\n<li>20:00 &#8211; 00:00 &#8211; Handsup Never Dies<\/li>\n<\/ul>\n<h2>Pi\u0105tek<\/h2>\n<ul>\n<li>00:00 &#8211; 02:00 &#8211; Handsup Never Dies<\/li>\n<li>02:00 &#8211; 06:00 &#8211; Nocny Tranceport<\/li>\n<li>06:00 \u2013 13:00 \u2013 Poranek z Eurodance<\/li>\n<li>13:00 \u2013 20:00 Taneczne popo\u0142udnie<\/li>\n<p>><\/p>\n<li>20:00 &#8211; 00:00 &#8211; PoloNight<\/li>\n<\/ul>\n<h2>Sobota<\/h2>\n<ul>\n<li>00:00 &#8211; 02:00 &#8211; PoloNight<\/li>\n<li>02:00 &#8211; 06:00 &#8211; Nocny Tranceport<\/li>\n<li>06:00 &#8211; 13:00 &#8211; Dzie\u0144 z Eurodance<\/li>\n<li>13:00 \u2013 14:00 \u2013 Bankomat, audycja Zwi\u0105zku Bank\u00f3w Polskich<\/li>\n<li>14:00 &#8211; 19:00 &#8211; Dzie\u0144 z Eurodance<\/li>\n<li>19:00 &#8211; 21:00 &#8211; Dance Party<\/li>\n<li>21:00 &#8211; 00:00 &#8211; Imprezowy Wiecz\u00f3r<\/li>\n<\/ul>\n<h2>Niedziela<\/h2>\n<ul>\n<li>00:00 &#8211; 06:00 &#8211; Nocny Tranceport<\/li>\n<li>06:00 &#8211; 10:00 &#8211; Dzie\u0144 z Eurodance<\/li>\n<li>10:00 &#8211; 12:00 &#8211; Poloranek<\/li>\n<li>12:00 &#8211; 13:00 &#8211; Dzie\u0144 z Eurodance<\/li>\n<li>13:00 \u2013 14:00 \u2013 Bankomat, audycja Zwi\u0105zku Bank\u00f3w Polskich<\/li>\n<li>14:00 &#8211; 20:00 &#8211; Dzie\u0144 z Eurodance<\/li>\n<li>20:00 &#8211; 00:00 &#8211; Handsup Never Dies<\/li>\n<\/ul>\n<h2>Magic Sound Podcast<\/h2>\n<p><img loading=\"lazy\" decoding=\"async\" src=\"https:\/\/dev.radiodht.com\/wp-content\/uploads\/2019\/09\/magic_sound_podcast_Logo-300x300.jpg\" alt=\"Logo programu Magic Sound Podcast\" width=\"300\" height=\"300\" class=\"aligncenter size-medium wp-image-274\" srcset=\"https:\/\/radiodht.com\/wp-content\/uploads\/2019\/09\/magic_sound_podcast_Logo-300x300.jpg 300w, https:\/\/radiodht.com\/wp-content\/uploads\/2019\/09\/magic_sound_podcast_Logo-150x150.jpg 150w, https:\/\/radiodht.com\/wp-content\/uploads\/2019\/09\/magic_sound_podcast_Logo-768x768.jpg 768w, https:\/\/radiodht.com\/wp-content\/uploads\/2019\/09\/magic_sound_podcast_Logo-1024x1024.jpg 1024w, https:\/\/radiodht.com\/wp-content\/uploads\/2019\/09\/magic_sound_podcast_Logo-100x100.jpg 100w, https:\/\/radiodht.com\/wp-content\/uploads\/2019\/09\/magic_sound_podcast_Logo.jpg 1080w\" sizes=\"auto, (max-width: 300px) 100vw, 300px\" \/><br \/>\nW programie tym mo\u017cna us\u0142ysze\u0107 najbardziej melodyjne i najwy\u017cszej jako\u015bci wyprodukowane d\u017awi\u0119ki z ostatnich dni<br \/>\n&#8222;Magic Sound Podcast&#8221; nadawany jest w 50 stacjach radiowych, w 30 krajach, takich jak Rosja, Bia\u0142oru\u015b, Kazachstan , Ukraina, USA, Wielka Brytania, Francja, Holandia, Meksyk, Brazylia, Niemcy, Kanada, Hiszpania, Bu\u0142garia, Wenezuela, Cypr oraz w wielu innych krajach!<\/p>\n<p><img loading=\"lazy\" decoding=\"async\" src=\"https:\/\/dev.radiodht.com\/wp-content\/uploads\/2019\/09\/Logo-Dibarneo-300x300.jpg\" alt=\"Logo programu DiBarneo - Dancecore Show\" width=\"300\" height=\"300\" class=\"aligncenter size-medium wp-image-281\" srcset=\"https:\/\/radiodht.com\/wp-content\/uploads\/2019\/09\/Logo-Dibarneo-300x300.jpg 300w, https:\/\/radiodht.com\/wp-content\/uploads\/2019\/09\/Logo-Dibarneo-150x150.jpg 150w, https:\/\/radiodht.com\/wp-content\/uploads\/2019\/09\/Logo-Dibarneo-768x769.jpg 768w, https:\/\/radiodht.com\/wp-content\/uploads\/2019\/09\/Logo-Dibarneo-1024x1024.jpg 1024w, https:\/\/radiodht.com\/wp-content\/uploads\/2019\/09\/Logo-Dibarneo-100x100.jpg 100w, https:\/\/radiodht.com\/wp-content\/uploads\/2019\/09\/Logo-Dibarneo.jpg 1091w\" sizes=\"auto, (max-width: 300px) 100vw, 300px\" \/><\/p>\n<h2>DiBarneo &#8211; Dancecore Show<\/h2>\n<p>Muzyka Trance, Hands Up i Hard Bass miksowana przez dwie godziny, tego po prostu trzeba pos\u0142ucha\u0107!<\/p>","protected":false},"excerpt":{"rendered":"<p>poniedzia\u0142ek 00:00 &#8211; 02:00 &#8211; Handsup Never Dies 02:00 &#8211; 06:00 &#8211; Nocny Tranceport 06:00 \u2013 13:00 \u2013 Poranek z Eurodance 13:00 \u2013 20:00 Taneczne popo\u0142udnie 20:00 &#8211; 22:00 (w ka\u017cdy pierwszy i ostatni poniedzia\u0142ek miesi\u0105ca) &#8211; Magic Sound Podcast 20:00 &#8211; 22:00 (w drugi i trzeci poniedzia\u0142ek miesi\u0105ca) &#8211; DiBarneo &#8211; Dancecore Show 22:00 &hellip; <\/p>\n<p class=\"link-more\"><a href=\"https:\/\/radiodht.com\/en\/ramowka-kanal-2\/\" class=\"more-link\">Continue reading<span class=\"screen-reader-text\"> &#8222;Ram\u00f3wka (Kana\u0142 2)&#8221;<\/span><\/a><\/p>","protected":false},"author":1,"featured_media":0,"parent":0,"menu_order":0,"comment_status":"closed","ping_status":"closed","template":"","meta":{"footnotes":""},"class_list":["post-269","page","type-page","status-publish","hentry"],"yoast_head":"<!-- This site is optimized with the Yoast SEO plugin v27.3 - https:\/\/yoast.com\/product\/yoast-seo-wordpress\/ -->\n<title>Ram\u00f3wka (Kana\u0142 2) - Radio DHT<\/title>\n<meta name=\"robots\" content=\"index, follow, max-snippet:-1, max-image-preview:large, max-video-preview:-1\" \/>\n<link rel=\"canonical\" href=\"https:\/\/radiodht.com\/en\/ramowka-kanal-2\/\" \/>\n<meta property=\"og:locale\" content=\"en_US\" \/>\n<meta property=\"og:type\" content=\"article\" \/>\n<meta property=\"og:title\" content=\"Ram\u00f3wka (Kana\u0142 2) - Radio DHT\" \/>\n<meta property=\"og:description\" content=\"poniedzia\u0142ek 00:00 &#8211; 02:00 &#8211; Handsup Never Dies 02:00 &#8211; 06:00 &#8211; Nocny Tranceport 06:00 \u2013 13:00 \u2013 Poranek z Eurodance 13:00 \u2013 20:00 Taneczne popo\u0142udnie 20:00 &#8211; 22:00 (w ka\u017cdy pierwszy i ostatni poniedzia\u0142ek miesi\u0105ca) &#8211; Magic Sound Podcast 20:00 &#8211; 22:00 (w drugi i trzeci poniedzia\u0142ek miesi\u0105ca) &#8211; DiBarneo &#8211; Dancecore Show 22:00 &hellip; Continue reading &quot;Ram\u00f3wka (Kana\u0142 2)&quot;\" \/>\n<meta property=\"og:url\" content=\"https:\/\/radiodht.com\/en\/ramowka-kanal-2\/\" \/>\n<meta property=\"og:site_name\" content=\"Radio DHT\" \/>\n<meta property=\"article:publisher\" content=\"https:\/\/facebook.com\/radiodht\" \/>\n<meta property=\"article:modified_time\" content=\"2021-05-04T22:21:55+00:00\" \/>\n<meta property=\"og:image\" content=\"https:\/\/dev.radiodht.com\/wp-content\/uploads\/2019\/09\/magic_sound_podcast_Logo-300x300.jpg\" \/>\n<meta name=\"twitter:card\" content=\"summary_large_image\" \/>\n<meta name=\"twitter:site\" content=\"@radiodht\" \/>\n<meta name=\"twitter:label1\" content=\"Est. reading time\" \/>\n\t<meta name=\"twitter:data1\" content=\"1 minute\" \/>\n<script type=\"application\/ld+json\" class=\"yoast-schema-graph\">{\"@context\":\"https:\\\/\\\/schema.org\",\"@graph\":[{\"@type\":\"WebPage\",\"@id\":\"https:\\\/\\\/radiodht.com\\\/ramowka-kanal-2\\\/\",\"url\":\"https:\\\/\\\/radiodht.com\\\/ramowka-kanal-2\\\/\",\"name\":\"Ram\u00f3wka (Kana\u0142 2) - Radio DHT\",\"isPartOf\":{\"@id\":\"https:\\\/\\\/radiodht.com\\\/#website\"},\"primaryImageOfPage\":{\"@id\":\"https:\\\/\\\/radiodht.com\\\/ramowka-kanal-2\\\/#primaryimage\"},\"image\":{\"@id\":\"https:\\\/\\\/radiodht.com\\\/ramowka-kanal-2\\\/#primaryimage\"},\"thumbnailUrl\":\"https:\\\/\\\/dev.radiodht.com\\\/wp-content\\\/uploads\\\/2019\\\/09\\\/magic_sound_podcast_Logo-300x300.jpg\",\"datePublished\":\"2019-09-01T22:50:04+00:00\",\"dateModified\":\"2021-05-04T22:21:55+00:00\",\"breadcrumb\":{\"@id\":\"https:\\\/\\\/radiodht.com\\\/ramowka-kanal-2\\\/#breadcrumb\"},\"inLanguage\":\"en-US\",\"potentialAction\":[{\"@type\":\"ReadAction\",\"target\":[\"https:\\\/\\\/radiodht.com\\\/ramowka-kanal-2\\\/\"]}]},{\"@type\":\"ImageObject\",\"inLanguage\":\"en-US\",\"@id\":\"https:\\\/\\\/radiodht.com\\\/ramowka-kanal-2\\\/#primaryimage\",\"url\":\"https:\\\/\\\/dev.radiodht.com\\\/wp-content\\\/uploads\\\/2019\\\/09\\\/magic_sound_podcast_Logo-300x300.jpg\",\"contentUrl\":\"https:\\\/\\\/dev.radiodht.com\\\/wp-content\\\/uploads\\\/2019\\\/09\\\/magic_sound_podcast_Logo-300x300.jpg\"},{\"@type\":\"BreadcrumbList\",\"@id\":\"https:\\\/\\\/radiodht.com\\\/ramowka-kanal-2\\\/#breadcrumb\",\"itemListElement\":[{\"@type\":\"ListItem\",\"position\":1,\"name\":\"Strona g\u0142\u00f3wna\",\"item\":\"https:\\\/\\\/radiodht.com\\\/\"},{\"@type\":\"ListItem\",\"position\":2,\"name\":\"Ram\u00f3wka (Kana\u0142 2)\"}]},{\"@type\":\"WebSite\",\"@id\":\"https:\\\/\\\/radiodht.com\\\/#website\",\"url\":\"https:\\\/\\\/radiodht.com\\\/\",\"name\":\"Radio DHT\",\"description\":\"Dynamicznie, Humorystycznie, Tw\u00f3rczo!\",\"potentialAction\":[{\"@type\":\"SearchAction\",\"target\":{\"@type\":\"EntryPoint\",\"urlTemplate\":\"https:\\\/\\\/radiodht.com\\\/?s={search_term_string}\"},\"query-input\":{\"@type\":\"PropertyValueSpecification\",\"valueRequired\":true,\"valueName\":\"search_term_string\"}}],\"inLanguage\":\"en-US\"}]}<\/script>\n<!-- \/ Yoast SEO plugin. -->","yoast_head_json":{"title":"Ram\u00f3wka (Kana\u0142 2) - Radio DHT","robots":{"index":"index","follow":"follow","max-snippet":"max-snippet:-1","max-image-preview":"max-image-preview:large","max-video-preview":"max-video-preview:-1"},"canonical":"https:\/\/radiodht.com\/en\/ramowka-kanal-2\/","og_locale":"en_US","og_type":"article","og_title":"Ram\u00f3wka (Kana\u0142 2) - Radio DHT","og_description":"poniedzia\u0142ek 00:00 &#8211; 02:00 &#8211; Handsup Never Dies 02:00 &#8211; 06:00 &#8211; Nocny Tranceport 06:00 \u2013 13:00 \u2013 Poranek z Eurodance 13:00 \u2013 20:00 Taneczne popo\u0142udnie 20:00 &#8211; 22:00 (w ka\u017cdy pierwszy i ostatni poniedzia\u0142ek miesi\u0105ca) &#8211; Magic Sound Podcast 20:00 &#8211; 22:00 (w drugi i trzeci poniedzia\u0142ek miesi\u0105ca) &#8211; DiBarneo &#8211; Dancecore Show 22:00 &hellip; Continue reading \"Ram\u00f3wka (Kana\u0142 2)\"","og_url":"https:\/\/radiodht.com\/en\/ramowka-kanal-2\/","og_site_name":"Radio DHT","article_publisher":"https:\/\/facebook.com\/radiodht","article_modified_time":"2021-05-04T22:21:55+00:00","og_image":[{"url":"https:\/\/dev.radiodht.com\/wp-content\/uploads\/2019\/09\/magic_sound_podcast_Logo-300x300.jpg","type":"","width":"","height":""}],"twitter_card":"summary_large_image","twitter_site":"@radiodht","twitter_misc":{"Est. reading time":"1 minute"},"schema":{"@context":"https:\/\/schema.org","@graph":[{"@type":"WebPage","@id":"https:\/\/radiodht.com\/ramowka-kanal-2\/","url":"https:\/\/radiodht.com\/ramowka-kanal-2\/","name":"Ram\u00f3wka (Kana\u0142 2) - Radio DHT","isPartOf":{"@id":"https:\/\/radiodht.com\/#website"},"primaryImageOfPage":{"@id":"https:\/\/radiodht.com\/ramowka-kanal-2\/#primaryimage"},"image":{"@id":"https:\/\/radiodht.com\/ramowka-kanal-2\/#primaryimage"},"thumbnailUrl":"https:\/\/dev.radiodht.com\/wp-content\/uploads\/2019\/09\/magic_sound_podcast_Logo-300x300.jpg","datePublished":"2019-09-01T22:50:04+00:00","dateModified":"2021-05-04T22:21:55+00:00","breadcrumb":{"@id":"https:\/\/radiodht.com\/ramowka-kanal-2\/#breadcrumb"},"inLanguage":"en-US","potentialAction":[{"@type":"ReadAction","target":["https:\/\/radiodht.com\/ramowka-kanal-2\/"]}]},{"@type":"ImageObject","inLanguage":"en-US","@id":"https:\/\/radiodht.com\/ramowka-kanal-2\/#primaryimage","url":"https:\/\/dev.radiodht.com\/wp-content\/uploads\/2019\/09\/magic_sound_podcast_Logo-300x300.jpg","contentUrl":"https:\/\/dev.radiodht.com\/wp-content\/uploads\/2019\/09\/magic_sound_podcast_Logo-300x300.jpg"},{"@type":"BreadcrumbList","@id":"https:\/\/radiodht.com\/ramowka-kanal-2\/#breadcrumb","itemListElement":[{"@type":"ListItem","position":1,"name":"Strona g\u0142\u00f3wna","item":"https:\/\/radiodht.com\/"},{"@type":"ListItem","position":2,"name":"Ram\u00f3wka (Kana\u0142 2)"}]},{"@type":"WebSite","@id":"https:\/\/radiodht.com\/#website","url":"https:\/\/radiodht.com\/","name":"Radio DHT","description":"Dynamicznie, Humorystycznie, Tw\u00f3rczo!","potentialAction":[{"@type":"SearchAction","target":{"@type":"EntryPoint","urlTemplate":"https:\/\/radiodht.com\/?s={search_term_string}"},"query-input":{"@type":"PropertyValueSpecification","valueRequired":true,"valueName":"search_term_string"}}],"inLanguage":"en-US"}]}},"_links":{"self":[{"href":"https:\/\/radiodht.com\/en\/wp-json\/wp\/v2\/pages\/269","targetHints":{"allow":["GET"]}}],"collection":[{"href":"https:\/\/radiodht.com\/en\/wp-json\/wp\/v2\/pages"}],"about":[{"href":"https:\/\/radiodht.com\/en\/wp-json\/wp\/v2\/types\/page"}],"author":[{"embeddable":true,"href":"https:\/\/radiodht.com\/en\/wp-json\/wp\/v2\/users\/1"}],"replies":[{"embeddable":true,"href":"https:\/\/radiodht.com\/en\/wp-json\/wp\/v2\/comments?post=269"}],"version-history":[{"count":13,"href":"https:\/\/radiodht.com\/en\/wp-json\/wp\/v2\/pages\/269\/revisions"}],"predecessor-version":[{"id":340,"href":"https:\/\/radiodht.com\/en\/wp-json\/wp\/v2\/pages\/269\/revisions\/340"}],"wp:attachment":[{"href":"https:\/\/radiodht.com\/en\/wp-json\/wp\/v2\/media?parent=269"}],"curies":[{"name":"wp","href":"https:\/\/api.w.org\/{rel}","templated":true}]}}