{"id":266,"date":"2019-08-31T23:31:33","date_gmt":"2019-08-31T21:31:33","guid":{"rendered":"http:\/\/www.radiodht.com\/?page_id=266"},"modified":"2021-07-12T13:13:24","modified_gmt":"2021-07-12T11:13:24","slug":"posluchaj-online-kanal-drugi","status":"publish","type":"page","link":"https:\/\/radiodht.com\/en\/posluchaj-online-kanal-drugi\/","title":{"rendered":"Pos\u0142uchaj Online (Kana\u0142 Drugi)"},"content":{"rendered":"<p>Rozta\u0144czone d\u017awi\u0119ki 24 godziny na dob\u0119, przez 7 dni w tygodniu. Klikaj, s\u0142uchaj, baw si\u0119:<br \/>\n<audio id=\"player_second\" src=\"https:\/\/radiodht.com\/stream_second\/\"><\/audio><\/p>\n<div>\n\t<button onclick=\"document.getElementById('player_second').play()\">Odtwarzaj<\/button><br \/>\n\t<button onclick=\"document.getElementById('player_second').pause()\">Wstrzymaj<\/button><br \/>\n\t<button onclick=\"document.getElementById('player_second').volume+=0.1\">G\u0142o\u015bniej<\/button><br \/>\n\t<button onclick=\"document.getElementById('player_second').volume-=0.1\">Ciszej<\/button>\n<\/div>","protected":false},"excerpt":{"rendered":"<p>Rozta\u0144czone d\u017awi\u0119ki 24 godziny na dob\u0119, przez 7 dni w tygodniu. Klikaj, s\u0142uchaj, baw si\u0119: Odtwarzaj Wstrzymaj G\u0142o\u015bniej Ciszej<\/p>","protected":false},"author":1,"featured_media":0,"parent":0,"menu_order":0,"comment_status":"closed","ping_status":"closed","template":"","meta":{"footnotes":""},"class_list":["post-266","page","type-page","status-publish","hentry"],"yoast_head":"<!-- This site is optimized with the Yoast SEO plugin v27.3 - https:\/\/yoast.com\/product\/yoast-seo-wordpress\/ -->\n<title>Pos\u0142uchaj Online (Kana\u0142 Drugi) - Radio DHT<\/title>\n<meta name=\"robots\" content=\"index, follow, max-snippet:-1, max-image-preview:large, max-video-preview:-1\" \/>\n<link rel=\"canonical\" href=\"https:\/\/radiodht.com\/en\/posluchaj-online-kanal-drugi\/\" \/>\n<meta property=\"og:locale\" content=\"en_US\" \/>\n<meta property=\"og:type\" content=\"article\" \/>\n<meta property=\"og:title\" content=\"Pos\u0142uchaj Online (Kana\u0142 Drugi) - Radio DHT\" \/>\n<meta property=\"og:description\" content=\"Rozta\u0144czone d\u017awi\u0119ki 24 godziny na dob\u0119, przez 7 dni w tygodniu. Klikaj, s\u0142uchaj, baw si\u0119: Odtwarzaj Wstrzymaj G\u0142o\u015bniej Ciszej\" \/>\n<meta property=\"og:url\" content=\"https:\/\/radiodht.com\/en\/posluchaj-online-kanal-drugi\/\" \/>\n<meta property=\"og:site_name\" content=\"Radio DHT\" \/>\n<meta property=\"article:publisher\" content=\"https:\/\/facebook.com\/radiodht\" \/>\n<meta property=\"article:modified_time\" content=\"2021-07-12T11:13:24+00:00\" \/>\n<meta name=\"twitter:card\" content=\"summary_large_image\" \/>\n<meta name=\"twitter:site\" content=\"@radiodht\" \/>\n<script type=\"application\/ld+json\" class=\"yoast-schema-graph\">{\"@context\":\"https:\\\/\\\/schema.org\",\"@graph\":[{\"@type\":\"WebPage\",\"@id\":\"https:\\\/\\\/radiodht.com\\\/posluchaj-online-kanal-drugi\\\/\",\"url\":\"https:\\\/\\\/radiodht.com\\\/posluchaj-online-kanal-drugi\\\/\",\"name\":\"Pos\u0142uchaj Online (Kana\u0142 Drugi) - Radio DHT\",\"isPartOf\":{\"@id\":\"https:\\\/\\\/radiodht.com\\\/#website\"},\"datePublished\":\"2019-08-31T21:31:33+00:00\",\"dateModified\":\"2021-07-12T11:13:24+00:00\",\"breadcrumb\":{\"@id\":\"https:\\\/\\\/radiodht.com\\\/posluchaj-online-kanal-drugi\\\/#breadcrumb\"},\"inLanguage\":\"en-US\",\"potentialAction\":[{\"@type\":\"ReadAction\",\"target\":[\"https:\\\/\\\/radiodht.com\\\/posluchaj-online-kanal-drugi\\\/\"]}]},{\"@type\":\"BreadcrumbList\",\"@id\":\"https:\\\/\\\/radiodht.com\\\/posluchaj-online-kanal-drugi\\\/#breadcrumb\",\"itemListElement\":[{\"@type\":\"ListItem\",\"position\":1,\"name\":\"Strona g\u0142\u00f3wna\",\"item\":\"https:\\\/\\\/radiodht.com\\\/\"},{\"@type\":\"ListItem\",\"position\":2,\"name\":\"Pos\u0142uchaj Online (Kana\u0142 Drugi)\"}]},{\"@type\":\"WebSite\",\"@id\":\"https:\\\/\\\/radiodht.com\\\/#website\",\"url\":\"https:\\\/\\\/radiodht.com\\\/\",\"name\":\"Radio DHT\",\"description\":\"Dynamicznie, Humorystycznie, Tw\u00f3rczo!\",\"potentialAction\":[{\"@type\":\"SearchAction\",\"target\":{\"@type\":\"EntryPoint\",\"urlTemplate\":\"https:\\\/\\\/radiodht.com\\\/?s={search_term_string}\"},\"query-input\":{\"@type\":\"PropertyValueSpecification\",\"valueRequired\":true,\"valueName\":\"search_term_string\"}}],\"inLanguage\":\"en-US\"}]}<\/script>\n<!-- \/ Yoast SEO plugin. -->","yoast_head_json":{"title":"Pos\u0142uchaj Online (Kana\u0142 Drugi) - Radio DHT","robots":{"index":"index","follow":"follow","max-snippet":"max-snippet:-1","max-image-preview":"max-image-preview:large","max-video-preview":"max-video-preview:-1"},"canonical":"https:\/\/radiodht.com\/en\/posluchaj-online-kanal-drugi\/","og_locale":"en_US","og_type":"article","og_title":"Pos\u0142uchaj Online (Kana\u0142 Drugi) - Radio DHT","og_description":"Rozta\u0144czone d\u017awi\u0119ki 24 godziny na dob\u0119, przez 7 dni w tygodniu. Klikaj, s\u0142uchaj, baw si\u0119: Odtwarzaj Wstrzymaj G\u0142o\u015bniej Ciszej","og_url":"https:\/\/radiodht.com\/en\/posluchaj-online-kanal-drugi\/","og_site_name":"Radio DHT","article_publisher":"https:\/\/facebook.com\/radiodht","article_modified_time":"2021-07-12T11:13:24+00:00","twitter_card":"summary_large_image","twitter_site":"@radiodht","schema":{"@context":"https:\/\/schema.org","@graph":[{"@type":"WebPage","@id":"https:\/\/radiodht.com\/posluchaj-online-kanal-drugi\/","url":"https:\/\/radiodht.com\/posluchaj-online-kanal-drugi\/","name":"Pos\u0142uchaj Online (Kana\u0142 Drugi) - Radio DHT","isPartOf":{"@id":"https:\/\/radiodht.com\/#website"},"datePublished":"2019-08-31T21:31:33+00:00","dateModified":"2021-07-12T11:13:24+00:00","breadcrumb":{"@id":"https:\/\/radiodht.com\/posluchaj-online-kanal-drugi\/#breadcrumb"},"inLanguage":"en-US","potentialAction":[{"@type":"ReadAction","target":["https:\/\/radiodht.com\/posluchaj-online-kanal-drugi\/"]}]},{"@type":"BreadcrumbList","@id":"https:\/\/radiodht.com\/posluchaj-online-kanal-drugi\/#breadcrumb","itemListElement":[{"@type":"ListItem","position":1,"name":"Strona g\u0142\u00f3wna","item":"https:\/\/radiodht.com\/"},{"@type":"ListItem","position":2,"name":"Pos\u0142uchaj Online (Kana\u0142 Drugi)"}]},{"@type":"WebSite","@id":"https:\/\/radiodht.com\/#website","url":"https:\/\/radiodht.com\/","name":"Radio DHT","description":"Dynamicznie, Humorystycznie, Tw\u00f3rczo!","potentialAction":[{"@type":"SearchAction","target":{"@type":"EntryPoint","urlTemplate":"https:\/\/radiodht.com\/?s={search_term_string}"},"query-input":{"@type":"PropertyValueSpecification","valueRequired":true,"valueName":"search_term_string"}}],"inLanguage":"en-US"}]}},"_links":{"self":[{"href":"https:\/\/radiodht.com\/en\/wp-json\/wp\/v2\/pages\/266","targetHints":{"allow":["GET"]}}],"collection":[{"href":"https:\/\/radiodht.com\/en\/wp-json\/wp\/v2\/pages"}],"about":[{"href":"https:\/\/radiodht.com\/en\/wp-json\/wp\/v2\/types\/page"}],"author":[{"embeddable":true,"href":"https:\/\/radiodht.com\/en\/wp-json\/wp\/v2\/users\/1"}],"replies":[{"embeddable":true,"href":"https:\/\/radiodht.com\/en\/wp-json\/wp\/v2\/comments?post=266"}],"version-history":[{"count":3,"href":"https:\/\/radiodht.com\/en\/wp-json\/wp\/v2\/pages\/266\/revisions"}],"predecessor-version":[{"id":343,"href":"https:\/\/radiodht.com\/en\/wp-json\/wp\/v2\/pages\/266\/revisions\/343"}],"wp:attachment":[{"href":"https:\/\/radiodht.com\/en\/wp-json\/wp\/v2\/media?parent=266"}],"curies":[{"name":"wp","href":"https:\/\/api.w.org\/{rel}","templated":true}]}}