{"id":14,"date":"2019-01-25T18:35:15","date_gmt":"2019-01-25T17:35:15","guid":{"rendered":"http:\/\/www.dht.tyflonet.com\/?page_id=14"},"modified":"2019-01-28T16:45:35","modified_gmt":"2019-01-28T15:45:35","slug":"kontakt","status":"publish","type":"page","link":"https:\/\/radiodht.com\/en\/kontakt\/","title":{"rendered":"Contact"},"content":{"rendered":"<p>Mo\u017cesz skontaktowa\u0107 si\u0119 z nami pisz\u0105c maila na adres:<br \/>\n<a href=\"mailto: studio@radiodht.com\"> studio@radiodht.com <\/a><br \/>\nlub wype\u0142niaj\u0105c poni\u017cszy formularz.<\/p>\n<h2> Formularz kontaktowy <\/h2>\n<p> Wype\u0142niaj\u0105c poni\u017cszy formularz wyra\u017casz zgod\u0119 na przetwarzanie danych przes\u0142anych za pomoc\u0105 formularza.<br \/>\n Dane b\u0119d\u0105 przetwarzane na podstawie art. 6 ust. 1 lit. a RODO w celu udzielenia odpowiedzi na przes\u0142an\u0105 za pomoc\u0105 poni\u017cszego formularza wiadomo\u015b\u0107.<br \/>\nAdministratorem danych osobowych jest Radio DHT. Masz prawo do dost\u0119pu, wycofania i poprawy swoich danych. Podanie danych jest dobrowolne, ale niezb\u0119dne do udzielenia odpowiedzi na przes\u0142ane zapytanie. <\/p>\n\n<div class=\"wpcf7 no-js\" id=\"wpcf7-f57-o1\" lang=\"pl-PL\" dir=\"ltr\" data-wpcf7-id=\"57\">\n<div class=\"screen-reader-response\"><p role=\"status\" aria-live=\"polite\" aria-atomic=\"true\"><\/p> <ul><\/ul><\/div>\n<form action=\"\/en\/wp-json\/wp\/v2\/pages\/14#wpcf7-f57-o1\" method=\"post\" class=\"wpcf7-form init\" aria-label=\"Formularz kontaktowy\" novalidate=\"novalidate\" data-status=\"init\" data-trp-original-action=\"\/en\/wp-json\/wp\/v2\/pages\/14#wpcf7-f57-o1\">\n<fieldset class=\"hidden-fields-container\"><input type=\"hidden\" name=\"_wpcf7\" value=\"57\" \/><input type=\"hidden\" name=\"_wpcf7_version\" value=\"6.1.5\" \/><input type=\"hidden\" name=\"_wpcf7_locale\" value=\"pl_PL\" \/><input type=\"hidden\" name=\"_wpcf7_unit_tag\" value=\"wpcf7-f57-o1\" \/><input type=\"hidden\" name=\"_wpcf7_container_post\" value=\"0\" \/><input type=\"hidden\" name=\"_wpcf7_posted_data_hash\" value=\"\" \/>\n<\/fieldset>\n<p><label> Imi\u0119 i nazwisko (wymagane)<br \/>\n<span class=\"wpcf7-form-control-wrap\" data-name=\"your-name\"><input size=\"40\" maxlength=\"400\" class=\"wpcf7-form-control wpcf7-text wpcf7-validates-as-required\" aria-required=\"true\" aria-invalid=\"false\" value=\"\" type=\"text\" name=\"your-name\" \/><\/span> <\/label>\n<\/p>\n<p><label> Adres email (wymagane)<br \/>\n<span class=\"wpcf7-form-control-wrap\" data-name=\"your-email\"><input size=\"40\" maxlength=\"400\" class=\"wpcf7-form-control wpcf7-email wpcf7-validates-as-required wpcf7-text wpcf7-validates-as-email\" aria-required=\"true\" aria-invalid=\"false\" value=\"\" type=\"email\" name=\"your-email\" \/><\/span> <\/label>\n<\/p>\n<p><label> Temat<br \/>\n<span class=\"wpcf7-form-control-wrap\" data-name=\"your-subject\"><input size=\"40\" maxlength=\"400\" class=\"wpcf7-form-control wpcf7-text\" aria-invalid=\"false\" value=\"\" type=\"text\" name=\"your-subject\" \/><\/span> <\/label>\n<\/p>\n<p><label> Tre\u015b\u0107 wiadomo\u015bci<br \/>\n<span class=\"wpcf7-form-control-wrap\" data-name=\"your-message\"><textarea cols=\"40\" rows=\"10\" maxlength=\"2000\" class=\"wpcf7-form-control wpcf7-textarea\" aria-invalid=\"false\" name=\"your-message\"><\/textarea><\/span> <\/label>\n<\/p>\n<p><div class=\"cf7-cf-turnstile\" style=\"margin-top: 0px; margin-bottom: -15px;\"> <div id=\"cf-turnstile-cf7-2887069885\" class=\"cf-turnstile\" data-callback=\"turnstileCF7Callback\" data-sitekey=\"0x4AAAAAAA2Qeava9sqLZBGa\" data-theme=\"light\" data-language=\"auto\" data-size=\"normal\" data-retry=\"auto\" data-retry-interval=\"1000\" data-refresh-expired=\"auto\" data-action=\"contact-form-7\" data-appearance=\"always\"><\/div> <style>.wpcf7-submit { pointer-events: none; opacity: 0.5; }<\/style> <script>document.addEventListener(\"DOMContentLoaded\", function() { setTimeout(function(){ var e=document.getElementById(\"cf-turnstile-cf7-2887069885\"); e&&!e.innerHTML.trim()&&(turnstile.remove(\"#cf-turnstile-cf7-2887069885\"), turnstile.render(\"#cf-turnstile-cf7-2887069885\", {sitekey:\"0x4AAAAAAA2Qeava9sqLZBGa\"})); }, 100); });<\/script> <br class=\"cf-turnstile-br cf-turnstile-br-cf7-2887069885\"> <style>#cf-turnstile-cf7-2887069885 { margin-left: -15px; }<\/style> <script>document.addEventListener(\"DOMContentLoaded\",function(){document.querySelectorAll('.wpcf7-form').forEach(function(e){e.addEventListener('submit',function(){if(document.getElementById('cf-turnstile-cf7-2887069885')){setTimeout(function(){turnstile.reset('#cf-turnstile-cf7-2887069885');},1000)}})})});<\/script> <\/div><br\/><input class=\"wpcf7-form-control wpcf7-submit has-spinner\" type=\"submit\" value=\"Wy\u015blij\" \/>\n<\/p><div class=\"wpcf7-response-output\" aria-hidden=\"true\"><\/div>\n<input type=\"hidden\" name=\"trp-form-language\" value=\"en\"\/><\/form>\n<\/div>","protected":false},"excerpt":{"rendered":"<p>Mo\u017cesz skontaktowa\u0107 si\u0119 z nami pisz\u0105c maila na adres: studio@radiodht.com lub wype\u0142niaj\u0105c poni\u017cszy formularz. Formularz kontaktowy Wype\u0142niaj\u0105c poni\u017cszy formularz wyra\u017casz zgod\u0119 na przetwarzanie danych przes\u0142anych za pomoc\u0105 formularza. Dane b\u0119d\u0105 przetwarzane na podstawie art. 6 ust. 1 lit. a RODO w celu udzielenia odpowiedzi na przes\u0142an\u0105 za pomoc\u0105 poni\u017cszego formularza wiadomo\u015b\u0107. Administratorem danych osobowych jest &hellip; <\/p>\n<p class=\"link-more\"><a href=\"https:\/\/radiodht.com\/en\/kontakt\/\" class=\"more-link\">Continue reading<span class=\"screen-reader-text\"> &#8222;Kontakt&#8221;<\/span><\/a><\/p>","protected":false},"author":1,"featured_media":0,"parent":0,"menu_order":0,"comment_status":"closed","ping_status":"closed","template":"","meta":{"footnotes":""},"class_list":["post-14","page","type-page","status-publish","hentry"],"yoast_head":"<!-- This site is optimized with the Yoast SEO plugin v27.3 - https:\/\/yoast.com\/product\/yoast-seo-wordpress\/ -->\n<title>Kontakt - Radio DHT<\/title>\n<meta name=\"robots\" content=\"index, follow, max-snippet:-1, max-image-preview:large, max-video-preview:-1\" \/>\n<link rel=\"canonical\" href=\"https:\/\/radiodht.com\/en\/kontakt\/\" \/>\n<meta property=\"og:locale\" content=\"en_US\" \/>\n<meta property=\"og:type\" content=\"article\" \/>\n<meta property=\"og:title\" content=\"Kontakt - Radio DHT\" \/>\n<meta property=\"og:description\" content=\"Mo\u017cesz skontaktowa\u0107 si\u0119 z nami pisz\u0105c maila na adres: studio@radiodht.com lub wype\u0142niaj\u0105c poni\u017cszy formularz. Formularz kontaktowy Wype\u0142niaj\u0105c poni\u017cszy formularz wyra\u017casz zgod\u0119 na przetwarzanie danych przes\u0142anych za pomoc\u0105 formularza. Dane b\u0119d\u0105 przetwarzane na podstawie art. 6 ust. 1 lit. a RODO w celu udzielenia odpowiedzi na przes\u0142an\u0105 za pomoc\u0105 poni\u017cszego formularza wiadomo\u015b\u0107. Administratorem danych osobowych jest &hellip; Continue reading &quot;Kontakt&quot;\" \/>\n<meta property=\"og:url\" content=\"https:\/\/radiodht.com\/en\/kontakt\/\" \/>\n<meta property=\"og:site_name\" content=\"Radio DHT\" \/>\n<meta property=\"article:publisher\" content=\"https:\/\/facebook.com\/radiodht\" \/>\n<meta property=\"article:modified_time\" content=\"2019-01-28T15:45:35+00:00\" \/>\n<meta name=\"twitter:card\" content=\"summary_large_image\" \/>\n<meta name=\"twitter:site\" content=\"@radiodht\" \/>\n<script type=\"application\/ld+json\" class=\"yoast-schema-graph\">{\"@context\":\"https:\\\/\\\/schema.org\",\"@graph\":[{\"@type\":\"WebPage\",\"@id\":\"https:\\\/\\\/radiodht.com\\\/kontakt\\\/\",\"url\":\"https:\\\/\\\/radiodht.com\\\/kontakt\\\/\",\"name\":\"Kontakt - Radio DHT\",\"isPartOf\":{\"@id\":\"https:\\\/\\\/radiodht.com\\\/#website\"},\"datePublished\":\"2019-01-25T17:35:15+00:00\",\"dateModified\":\"2019-01-28T15:45:35+00:00\",\"breadcrumb\":{\"@id\":\"https:\\\/\\\/radiodht.com\\\/kontakt\\\/#breadcrumb\"},\"inLanguage\":\"en-US\",\"potentialAction\":[{\"@type\":\"ReadAction\",\"target\":[\"https:\\\/\\\/radiodht.com\\\/kontakt\\\/\"]}]},{\"@type\":\"BreadcrumbList\",\"@id\":\"https:\\\/\\\/radiodht.com\\\/kontakt\\\/#breadcrumb\",\"itemListElement\":[{\"@type\":\"ListItem\",\"position\":1,\"name\":\"Strona g\u0142\u00f3wna\",\"item\":\"https:\\\/\\\/radiodht.com\\\/\"},{\"@type\":\"ListItem\",\"position\":2,\"name\":\"Kontakt\"}]},{\"@type\":\"WebSite\",\"@id\":\"https:\\\/\\\/radiodht.com\\\/#website\",\"url\":\"https:\\\/\\\/radiodht.com\\\/\",\"name\":\"Radio DHT\",\"description\":\"Dynamicznie, Humorystycznie, Tw\u00f3rczo!\",\"potentialAction\":[{\"@type\":\"SearchAction\",\"target\":{\"@type\":\"EntryPoint\",\"urlTemplate\":\"https:\\\/\\\/radiodht.com\\\/?s={search_term_string}\"},\"query-input\":{\"@type\":\"PropertyValueSpecification\",\"valueRequired\":true,\"valueName\":\"search_term_string\"}}],\"inLanguage\":\"en-US\"}]}<\/script>\n<!-- \/ Yoast SEO plugin. -->","yoast_head_json":{"title":"Kontakt - Radio DHT","robots":{"index":"index","follow":"follow","max-snippet":"max-snippet:-1","max-image-preview":"max-image-preview:large","max-video-preview":"max-video-preview:-1"},"canonical":"https:\/\/radiodht.com\/en\/kontakt\/","og_locale":"en_US","og_type":"article","og_title":"Kontakt - Radio DHT","og_description":"Mo\u017cesz skontaktowa\u0107 si\u0119 z nami pisz\u0105c maila na adres: studio@radiodht.com lub wype\u0142niaj\u0105c poni\u017cszy formularz. Formularz kontaktowy Wype\u0142niaj\u0105c poni\u017cszy formularz wyra\u017casz zgod\u0119 na przetwarzanie danych przes\u0142anych za pomoc\u0105 formularza. Dane b\u0119d\u0105 przetwarzane na podstawie art. 6 ust. 1 lit. a RODO w celu udzielenia odpowiedzi na przes\u0142an\u0105 za pomoc\u0105 poni\u017cszego formularza wiadomo\u015b\u0107. Administratorem danych osobowych jest &hellip; Continue reading \"Kontakt\"","og_url":"https:\/\/radiodht.com\/en\/kontakt\/","og_site_name":"Radio DHT","article_publisher":"https:\/\/facebook.com\/radiodht","article_modified_time":"2019-01-28T15:45:35+00:00","twitter_card":"summary_large_image","twitter_site":"@radiodht","schema":{"@context":"https:\/\/schema.org","@graph":[{"@type":"WebPage","@id":"https:\/\/radiodht.com\/kontakt\/","url":"https:\/\/radiodht.com\/kontakt\/","name":"Kontakt - Radio DHT","isPartOf":{"@id":"https:\/\/radiodht.com\/#website"},"datePublished":"2019-01-25T17:35:15+00:00","dateModified":"2019-01-28T15:45:35+00:00","breadcrumb":{"@id":"https:\/\/radiodht.com\/kontakt\/#breadcrumb"},"inLanguage":"en-US","potentialAction":[{"@type":"ReadAction","target":["https:\/\/radiodht.com\/kontakt\/"]}]},{"@type":"BreadcrumbList","@id":"https:\/\/radiodht.com\/kontakt\/#breadcrumb","itemListElement":[{"@type":"ListItem","position":1,"name":"Strona g\u0142\u00f3wna","item":"https:\/\/radiodht.com\/"},{"@type":"ListItem","position":2,"name":"Kontakt"}]},{"@type":"WebSite","@id":"https:\/\/radiodht.com\/#website","url":"https:\/\/radiodht.com\/","name":"Radio DHT","description":"Dynamicznie, Humorystycznie, Tw\u00f3rczo!","potentialAction":[{"@type":"SearchAction","target":{"@type":"EntryPoint","urlTemplate":"https:\/\/radiodht.com\/?s={search_term_string}"},"query-input":{"@type":"PropertyValueSpecification","valueRequired":true,"valueName":"search_term_string"}}],"inLanguage":"en-US"}]}},"_links":{"self":[{"href":"https:\/\/radiodht.com\/en\/wp-json\/wp\/v2\/pages\/14","targetHints":{"allow":["GET"]}}],"collection":[{"href":"https:\/\/radiodht.com\/en\/wp-json\/wp\/v2\/pages"}],"about":[{"href":"https:\/\/radiodht.com\/en\/wp-json\/wp\/v2\/types\/page"}],"author":[{"embeddable":true,"href":"https:\/\/radiodht.com\/en\/wp-json\/wp\/v2\/users\/1"}],"replies":[{"embeddable":true,"href":"https:\/\/radiodht.com\/en\/wp-json\/wp\/v2\/comments?post=14"}],"version-history":[{"count":4,"href":"https:\/\/radiodht.com\/en\/wp-json\/wp\/v2\/pages\/14\/revisions"}],"predecessor-version":[{"id":83,"href":"https:\/\/radiodht.com\/en\/wp-json\/wp\/v2\/pages\/14\/revisions\/83"}],"wp:attachment":[{"href":"https:\/\/radiodht.com\/en\/wp-json\/wp\/v2\/media?parent=14"}],"curies":[{"name":"wp","href":"https:\/\/api.w.org\/{rel}","templated":true}]}}